{"id":2835,"date":"2025-07-15T09:59:06","date_gmt":"2025-07-15T09:59:06","guid":{"rendered":"https:\/\/escolademusicalloret.com\/?page_id=2835"},"modified":"2025-07-15T10:07:24","modified_gmt":"2025-07-15T10:07:24","slug":"acces-a-instruments","status":"publish","type":"page","link":"https:\/\/escolademusicalloret.com\/es\/acces-a-instruments\/","title":{"rendered":"Acceso a instrumentos"},"content":{"rendered":"<div  class='flex_column av-47sqkz-399e34f8608291533eac87ea38d84c7a av_one_full  avia-builder-el-0  el_before_av_heading  avia-builder-el-first  first flex_column_div'     ><\/div>\n\n<style type=\"text\/css\" data-created_by=\"avia_inline_auto\" id=\"style-css-av-md4cvr1e-8fb312d9b450d338cf66a4cd9d10e4f9\">\n#top .av-special-heading.av-md4cvr1e-8fb312d9b450d338cf66a4cd9d10e4f9{\npadding-bottom:10px;\n}\nbody .av-special-heading.av-md4cvr1e-8fb312d9b450d338cf66a4cd9d10e4f9 .av-special-heading-tag .heading-char{\nfont-size:25px;\n}\n.av-special-heading.av-md4cvr1e-8fb312d9b450d338cf66a4cd9d10e4f9 .av-subheading{\nfont-size:15px;\n}\n<\/style>\n<div  class='av-special-heading av-md4cvr1e-8fb312d9b450d338cf66a4cd9d10e4f9 av-special-heading-h1 blockquote modern-quote modern-centered  avia-builder-el-1  el_after_av_one_full  el_before_av_one_full'><h1 class='av-special-heading-tag'  itemprop=\"headline\"  >Acceso a instrumentos<\/h1><div class=\"special-heading-border\"><div class=\"special-heading-inner-border\"><\/div><\/div><\/div>\n<div  class='flex_column av-1yj2ib-16044aeebdc547f407e95ab2e02eef33 av_one_full  avia-builder-el-2  el_after_av_heading  el_before_av_textblock  first flex_column_div'     ><\/div>\n\n<style type=\"text\/css\" data-created_by=\"avia_inline_auto\" id=\"style-css-av-md4cwdaf-2b45af44ed183bc4af0afdd524ac1bb6\">\n#top .av_textblock_section.av-md4cwdaf-2b45af44ed183bc4af0afdd524ac1bb6 .avia_textblock{\nfont-size:21px;\n}\n<\/style>\n<section  class='av_textblock_section av-md4cwdaf-2b45af44ed183bc4af0afdd524ac1bb6'   itemscope=\"itemscope\" itemtype=\"https:\/\/schema.org\/CreativeWork\" ><div class='avia_textblock'  itemprop=\"text\" ><p><strong>Musicasa<\/strong> nos ofrece la oportunidad de acceder a instrumentos tanto de compra como de alquiler con condiciones favorables y flexibles. Musicasa ha colabora con el<strong>Escola de M\u00fasica de Lloret<\/strong> cediendo los instrumentos con los cuales pudisteis experimentar en la presentaci\u00f3n.<\/p>\n<p>Por eso, ponemos en valor esta colaboraci\u00f3n que no es excluyente porque adquir\u00eds los instrumentos en otros comercios especializados. Sin embargo, nuestra propuesta es la que nos ofrece Musicasa.<\/p>\n<p>A continuaci\u00f3n pod\u00e9is acceder a uno <strong>cat\u00e1logo<\/strong> de instrumentos con las condiciones de uso de cada uno de ellos.<\/p>\n<\/div><\/section>\n<div  class='flex_column av-3xfd83-71e666f3b403f9fc60da4e531810f42c av_one_full  avia-builder-el-4  el_after_av_textblock  el_before_av_button  first flex_column_div  column-top-margin'     ><\/div>\n<div  class='avia-button-wrap av-md4d29np-9a1d2766967e88176d5748c3e77f8962-wrap avia-button-center  avia-builder-el-5  el_after_av_one_full  el_before_av_one_full'><a href='\/es\/cat\u00e1logo musicasa\/'  class='avia-button av-md4d29np-9a1d2766967e88176d5748c3e77f8962 av-link-btn avia-icon_select-no avia-size-x-large avia-position-center avia-color-theme-color'  target=\"_blank\"  rel=\"noopener noreferrer\"  aria-label=\"cat\u00e0leg musicasa\"><span class='avia_iconbox_title' >cat\u00e0leg musicasa<\/span><\/a><\/div>\n<div  class='flex_column av-2d21o3-109bf9dd2609b6089a426aa5a986dba7 av_one_full  avia-builder-el-6  el_after_av_button  el_before_av_one_fourth  first flex_column_div'     ><\/div>\n<div  class='flex_column av-2bz1cj-96a2536e2b44a9364ce81b03fcb539aa av_one_fourth  avia-builder-el-7  el_after_av_one_full  el_before_av_one_half  first flex_column_div  column-top-margin'     ><\/div>\n<div  class='flex_column av-7nmwer-ff600e9eedf23dc8d8bc92b60e402f75 av_one_half  avia-builder-el-8  el_after_av_one_fourth  el_before_av_one_fourth  flex_column_div  column-top-margin'     ><section  class='avia-team-member av-md4d7h0i-de3ae4e60813ae7a858d440585ff9409  avia-builder-el-9  avia-builder-el-no-sibling'  itemscope=\"itemscope\" itemtype=\"https:\/\/schema.org\/Person\" ><div class=\"team-img-container\"><img decoding=\"async\" fetchpriority=\"high\" class='wp-image-2460 avia-img-lazy-loading-not-2460 avia_image avia_image_team' src=\"https:\/\/escolademusicalloret.com\/wp-content\/uploads\/2025\/07\/musicasa-logo-1614183899-300x81.jpg\" alt=''  itemprop=\"image\"   height=\"81\" width=\"300\" srcset=\"https:\/\/escolademusicalloret.com\/wp-content\/uploads\/2025\/07\/musicasa-logo-1614183899-300x81.jpg 300w, https:\/\/escolademusicalloret.com\/wp-content\/uploads\/2025\/07\/musicasa-logo-1614183899-18x5.jpg 18w, https:\/\/escolademusicalloret.com\/wp-content\/uploads\/2025\/07\/musicasa-logo-1614183899.jpg 334w\" sizes=\"(max-width: 300px) 100vw, 300px\" \/><\/div><span class='hidden team-member-affiliation'  itemprop=\"affiliation\" >Escola de Musica Lloret<\/span><\/section><\/div>\n<div  class='flex_column av-1z7wz-995200b705b1a97686a9f80f41dc2d31 av_one_fourth  avia-builder-el-10  el_after_av_one_half  el_before_av_one_full  flex_column_div  column-top-margin'     ><\/div>\n<div  class='flex_column av-3s8ojn-6b4e383ba4aa0177f633249ba7f006d8 av_one_full  avia-builder-el-11  el_after_av_one_fourth  el_before_av_one_full  first flex_column_div  column-top-margin'     ><\/div>\n<div  class='flex_column av-24htzn-c9f73cab93fc337e929244c317f75886 av_one_full  avia-builder-el-12  el_after_av_one_full  avia-builder-el-last  first flex_column_div  column-top-margin'     ><\/div>","protected":false},"excerpt":{"rendered":"","protected":false},"author":2,"featured_media":2735,"parent":0,"menu_order":0,"comment_status":"closed","ping_status":"closed","template":"","meta":{"footnotes":""},"class_list":["post-2835","page","type-page","status-publish","has-post-thumbnail","hentry"],"yoast_head":"<!-- This site is optimized with the Yoast SEO plugin v25.2 - https:\/\/yoast.com\/wordpress\/plugins\/seo\/ -->\n<title>Acc\u00e9s a instruments &#062; Escola de Musica Lloret<\/title>\n<meta name=\"robots\" content=\"index, follow, max-snippet:-1, max-image-preview:large, max-video-preview:-1\" \/>\n<link rel=\"canonical\" href=\"https:\/\/escolademusicalloret.com\/es\/acces-a-instruments\/\" \/>\n<meta property=\"og:locale\" content=\"es_ES\" \/>\n<meta property=\"og:type\" content=\"article\" \/>\n<meta property=\"og:title\" content=\"Acc\u00e9s a instruments &#062; Escola de Musica Lloret\" \/>\n<meta property=\"og:url\" content=\"https:\/\/escolademusicalloret.com\/es\/acces-a-instruments\/\" \/>\n<meta property=\"og:site_name\" content=\"Escola de Musica Lloret\" \/>\n<meta property=\"article:modified_time\" content=\"2025-07-15T10:07:24+00:00\" \/>\n<meta property=\"og:image\" content=\"https:\/\/escolademusicalloret.com\/wp-content\/uploads\/2024\/09\/pexels-rdne-10565573-1030x687.jpg\" \/>\n\t<meta property=\"og:image:width\" content=\"1030\" \/>\n\t<meta property=\"og:image:height\" content=\"687\" \/>\n\t<meta property=\"og:image:type\" content=\"image\/jpeg\" \/>\n<meta name=\"twitter:card\" content=\"summary_large_image\" \/>\n<meta name=\"twitter:label1\" content=\"Tiempo de lectura\" \/>\n\t<meta name=\"twitter:data1\" content=\"1 minuto\" \/>\n<script type=\"application\/ld+json\" class=\"yoast-schema-graph\">{\"@context\":\"https:\/\/schema.org\",\"@graph\":[{\"@type\":\"WebPage\",\"@id\":\"https:\/\/escolademusicalloret.com\/acces-a-instruments\/\",\"url\":\"https:\/\/escolademusicalloret.com\/acces-a-instruments\/\",\"name\":\"Acc\u00e9s a instruments &#062; Escola de Musica Lloret\",\"isPartOf\":{\"@id\":\"https:\/\/escolademusicalloret.com\/#website\"},\"primaryImageOfPage\":{\"@id\":\"https:\/\/escolademusicalloret.com\/acces-a-instruments\/#primaryimage\"},\"image\":{\"@id\":\"https:\/\/escolademusicalloret.com\/acces-a-instruments\/#primaryimage\"},\"thumbnailUrl\":\"https:\/\/escolademusicalloret.com\/wp-content\/uploads\/2024\/09\/pexels-rdne-10565573-scaled.jpg\",\"datePublished\":\"2025-07-15T09:59:06+00:00\",\"dateModified\":\"2025-07-15T10:07:24+00:00\",\"breadcrumb\":{\"@id\":\"https:\/\/escolademusicalloret.com\/acces-a-instruments\/#breadcrumb\"},\"inLanguage\":\"es\",\"potentialAction\":[{\"@type\":\"ReadAction\",\"target\":[\"https:\/\/escolademusicalloret.com\/acces-a-instruments\/\"]}]},{\"@type\":\"ImageObject\",\"inLanguage\":\"es\",\"@id\":\"https:\/\/escolademusicalloret.com\/acces-a-instruments\/#primaryimage\",\"url\":\"https:\/\/escolademusicalloret.com\/wp-content\/uploads\/2024\/09\/pexels-rdne-10565573-scaled.jpg\",\"contentUrl\":\"https:\/\/escolademusicalloret.com\/wp-content\/uploads\/2024\/09\/pexels-rdne-10565573-scaled.jpg\",\"width\":2560,\"height\":1707},{\"@type\":\"BreadcrumbList\",\"@id\":\"https:\/\/escolademusicalloret.com\/acces-a-instruments\/#breadcrumb\",\"itemListElement\":[{\"@type\":\"ListItem\",\"position\":1,\"name\":\"Portada\",\"item\":\"https:\/\/escolademusicalloret.com\/\"},{\"@type\":\"ListItem\",\"position\":2,\"name\":\"Acc\u00e9s a instruments\"}]},{\"@type\":\"WebSite\",\"@id\":\"https:\/\/escolademusicalloret.com\/#website\",\"url\":\"https:\/\/escolademusicalloret.com\/\",\"name\":\"Escola de Musica Lloret\",\"description\":\"Escola M\u00fasica\",\"publisher\":{\"@id\":\"https:\/\/escolademusicalloret.com\/#\/schema\/person\/376c9c4bab832235e877438a59f9a3da\"},\"potentialAction\":[{\"@type\":\"SearchAction\",\"target\":{\"@type\":\"EntryPoint\",\"urlTemplate\":\"https:\/\/escolademusicalloret.com\/?s={search_term_string}\"},\"query-input\":{\"@type\":\"PropertyValueSpecification\",\"valueRequired\":true,\"valueName\":\"search_term_string\"}}],\"inLanguage\":\"es\"},{\"@type\":[\"Person\",\"Organization\"],\"@id\":\"https:\/\/escolademusicalloret.com\/#\/schema\/person\/376c9c4bab832235e877438a59f9a3da\",\"name\":\"Escola M\u00fasica Lloret\",\"image\":{\"@type\":\"ImageObject\",\"inLanguage\":\"es\",\"@id\":\"https:\/\/escolademusicalloret.com\/#\/schema\/person\/image\/\",\"url\":\"https:\/\/escolademusicalloret.com\/wp-content\/uploads\/2025\/07\/escolademusicalloret-fav.jpg\",\"contentUrl\":\"https:\/\/escolademusicalloret.com\/wp-content\/uploads\/2025\/07\/escolademusicalloret-fav.jpg\",\"width\":512,\"height\":512,\"caption\":\"Escola M\u00fasica Lloret\"},\"logo\":{\"@id\":\"https:\/\/escolademusicalloret.com\/#\/schema\/person\/image\/\"}}]}<\/script>\n<!-- \/ Yoast SEO plugin. -->","yoast_head_json":{"title":"Acc\u00e9s a instruments &#062; Escola de Musica Lloret","robots":{"index":"index","follow":"follow","max-snippet":"max-snippet:-1","max-image-preview":"max-image-preview:large","max-video-preview":"max-video-preview:-1"},"canonical":"https:\/\/escolademusicalloret.com\/es\/acces-a-instruments\/","og_locale":"es_ES","og_type":"article","og_title":"Acc\u00e9s a instruments &#062; Escola de Musica Lloret","og_url":"https:\/\/escolademusicalloret.com\/es\/acces-a-instruments\/","og_site_name":"Escola de Musica Lloret","article_modified_time":"2025-07-15T10:07:24+00:00","og_image":[{"width":1030,"height":687,"url":"https:\/\/escolademusicalloret.com\/wp-content\/uploads\/2024\/09\/pexels-rdne-10565573-1030x687.jpg","type":"image\/jpeg"}],"twitter_card":"summary_large_image","twitter_misc":{"Tiempo de lectura":"1 minuto"},"schema":{"@context":"https:\/\/schema.org","@graph":[{"@type":"WebPage","@id":"https:\/\/escolademusicalloret.com\/acces-a-instruments\/","url":"https:\/\/escolademusicalloret.com\/acces-a-instruments\/","name":"Acc\u00e9s a instruments &#062; Escola de Musica Lloret","isPartOf":{"@id":"https:\/\/escolademusicalloret.com\/#website"},"primaryImageOfPage":{"@id":"https:\/\/escolademusicalloret.com\/acces-a-instruments\/#primaryimage"},"image":{"@id":"https:\/\/escolademusicalloret.com\/acces-a-instruments\/#primaryimage"},"thumbnailUrl":"https:\/\/escolademusicalloret.com\/wp-content\/uploads\/2024\/09\/pexels-rdne-10565573-scaled.jpg","datePublished":"2025-07-15T09:59:06+00:00","dateModified":"2025-07-15T10:07:24+00:00","breadcrumb":{"@id":"https:\/\/escolademusicalloret.com\/acces-a-instruments\/#breadcrumb"},"inLanguage":"es","potentialAction":[{"@type":"ReadAction","target":["https:\/\/escolademusicalloret.com\/acces-a-instruments\/"]}]},{"@type":"ImageObject","inLanguage":"es","@id":"https:\/\/escolademusicalloret.com\/acces-a-instruments\/#primaryimage","url":"https:\/\/escolademusicalloret.com\/wp-content\/uploads\/2024\/09\/pexels-rdne-10565573-scaled.jpg","contentUrl":"https:\/\/escolademusicalloret.com\/wp-content\/uploads\/2024\/09\/pexels-rdne-10565573-scaled.jpg","width":2560,"height":1707},{"@type":"BreadcrumbList","@id":"https:\/\/escolademusicalloret.com\/acces-a-instruments\/#breadcrumb","itemListElement":[{"@type":"ListItem","position":1,"name":"Portada","item":"https:\/\/escolademusicalloret.com\/"},{"@type":"ListItem","position":2,"name":"Acc\u00e9s a instruments"}]},{"@type":"WebSite","@id":"https:\/\/escolademusicalloret.com\/#website","url":"https:\/\/escolademusicalloret.com\/","name":"Escola de Musica Lloret","description":"Escola M\u00fasica","publisher":{"@id":"https:\/\/escolademusicalloret.com\/#\/schema\/person\/376c9c4bab832235e877438a59f9a3da"},"potentialAction":[{"@type":"SearchAction","target":{"@type":"EntryPoint","urlTemplate":"https:\/\/escolademusicalloret.com\/?s={search_term_string}"},"query-input":{"@type":"PropertyValueSpecification","valueRequired":true,"valueName":"search_term_string"}}],"inLanguage":"es"},{"@type":["Person","Organization"],"@id":"https:\/\/escolademusicalloret.com\/#\/schema\/person\/376c9c4bab832235e877438a59f9a3da","name":"Escola M\u00fasica Lloret","image":{"@type":"ImageObject","inLanguage":"es","@id":"https:\/\/escolademusicalloret.com\/#\/schema\/person\/image\/","url":"https:\/\/escolademusicalloret.com\/wp-content\/uploads\/2025\/07\/escolademusicalloret-fav.jpg","contentUrl":"https:\/\/escolademusicalloret.com\/wp-content\/uploads\/2025\/07\/escolademusicalloret-fav.jpg","width":512,"height":512,"caption":"Escola M\u00fasica Lloret"},"logo":{"@id":"https:\/\/escolademusicalloret.com\/#\/schema\/person\/image\/"}}]}},"_links":{"self":[{"href":"https:\/\/escolademusicalloret.com\/es\/wp-json\/wp\/v2\/pages\/2835","targetHints":{"allow":["GET"]}}],"collection":[{"href":"https:\/\/escolademusicalloret.com\/es\/wp-json\/wp\/v2\/pages"}],"about":[{"href":"https:\/\/escolademusicalloret.com\/es\/wp-json\/wp\/v2\/types\/page"}],"author":[{"embeddable":true,"href":"https:\/\/escolademusicalloret.com\/es\/wp-json\/wp\/v2\/users\/2"}],"replies":[{"embeddable":true,"href":"https:\/\/escolademusicalloret.com\/es\/wp-json\/wp\/v2\/comments?post=2835"}],"version-history":[{"count":8,"href":"https:\/\/escolademusicalloret.com\/es\/wp-json\/wp\/v2\/pages\/2835\/revisions"}],"predecessor-version":[{"id":2846,"href":"https:\/\/escolademusicalloret.com\/es\/wp-json\/wp\/v2\/pages\/2835\/revisions\/2846"}],"wp:featuredmedia":[{"embeddable":true,"href":"https:\/\/escolademusicalloret.com\/es\/wp-json\/wp\/v2\/media\/2735"}],"wp:attachment":[{"href":"https:\/\/escolademusicalloret.com\/es\/wp-json\/wp\/v2\/media?parent=2835"}],"curies":[{"name":"wp","href":"https:\/\/api.w.org\/{rel}","templated":true}]}}