{"id":2679,"date":"2025-07-13T00:44:44","date_gmt":"2025-07-13T00:44:44","guid":{"rendered":"https:\/\/escolademusicalloret.com\/?page_id=2679"},"modified":"2025-09-18T13:49:30","modified_gmt":"2025-09-18T13:49:30","slug":"llucia","status":"publish","type":"page","link":"https:\/\/escolademusicalloret.com\/es\/llucia\/","title":{"rendered":"Llucia"},"content":{"rendered":"<div  class='flex_column av-6tgflo-5849bc9ff1399fb4c84d1f5e895d6ee0 av_one_full  avia-builder-el-0  el_before_av_heading  avia-builder-el-first  first flex_column_div'     ><\/div>\n\n<style type=\"text\/css\" data-created_by=\"avia_inline_auto\" id=\"style-css-av-md0x9ho4-d6b22d2fdbb8bbef0c5ea592740cfeef\">\n#top .av-special-heading.av-md0x9ho4-d6b22d2fdbb8bbef0c5ea592740cfeef{\npadding-bottom:10px;\n}\nbody .av-special-heading.av-md0x9ho4-d6b22d2fdbb8bbef0c5ea592740cfeef .av-special-heading-tag .heading-char{\nfont-size:25px;\n}\n.av-special-heading.av-md0x9ho4-d6b22d2fdbb8bbef0c5ea592740cfeef .av-subheading{\nfont-size:15px;\n}\n<\/style>\n<div  class='av-special-heading av-md0x9ho4-d6b22d2fdbb8bbef0c5ea592740cfeef av-special-heading-h2 blockquote modern-quote modern-centered  avia-builder-el-1  el_after_av_one_full  el_before_av_one_full'><h2 class='av-special-heading-tag'  itemprop=\"headline\"  >Llucia Gomila<\/h2><div class=\"special-heading-border\"><div class=\"special-heading-inner-border\"><\/div><\/div><\/div>\n<div  class='flex_column av-63wibg-eb4bfeff79524f23cf8cd76bcc3d2263 av_one_full  avia-builder-el-2  el_after_av_heading  el_before_av_one_full  first flex_column_div'     ><\/div>\n<div  class='flex_column av-av_one_full-6144e218434d03f0d143d4277f5eda07 av_one_full  avia-builder-el-3  el_after_av_one_full  el_before_av_textblock  first flex_column_div  column-top-margin'     ><\/div>\n\n<style type=\"text\/css\" data-created_by=\"avia_inline_auto\" id=\"style-css-av-md0xcmn3-15d02f19a047956cbf7a4ad347d4f02e\">\n#top .av_textblock_section.av-md0xcmn3-15d02f19a047956cbf7a4ad347d4f02e .avia_textblock{\nfont-size:19px;\n}\n<\/style>\n<section  class='av_textblock_section av-md0xcmn3-15d02f19a047956cbf7a4ad347d4f02e'   itemscope=\"itemscope\" itemtype=\"https:\/\/schema.org\/CreativeWork\" ><div class='avia_textblock'  itemprop=\"text\" ><section class=\"av_textblock_section av-m66kvbci-c9b7901586cfa42566c40bf830c3c208\">\n<div class=\"avia_textblock\">\n<p>Empez\u00f3 sus estudios de viol\u00edn, lenguaje musical y coro en la escuela de m\u00fasica Ireneu Segarra a los 8 a\u00f1os de edad, hasta que entr\u00f3 en el Conservatorio de Palma y all\u00ed estudi\u00f3 el grado elemental y el profesional, que combin\u00f3 con los estudios de magisterio musical en la UIB. En esa misma \u00e9poca se interes\u00f3 por la m\u00fasica moderna y empez\u00f3 a estudiar bajo el\u00e9ctrico con Carlos Tejedor, hasta que fue a Barcelona y all\u00ed estudi\u00f3 la carrera de t\u00e9cnico de sonido directo y postproducci\u00f3n para cine y televisi\u00f3n en la escuela Microfusa. Complet\u00f3 sus conocimientos de jazz y rock con bajo el\u00e9ctrico, educaci\u00f3n del o\u00eddo y armon\u00eda moderna primero en el Aula de m\u00fasica moderna de Barcelona, vinculada al Liceu, y despu\u00e9s en Mallorca, en Factoria de M\u00fasics. Sigui\u00f3 aprendiendo t\u00e9cnica vocal con Jaume Roca y m\u00e1s tarde con Joan Manel Vadell y Marian Mart\u00ed, y form\u00f3 parte del Orfe\u00f3 universitari durante dos temporadas.<\/p>\n<p>Siempre ha ido combinando sus estudios con clases para adultos y ni\u00f1os en escuelas de m\u00fasica, dando clases particulares o como monitora de\nactividades extraescolares, adem\u00e1s de tocar con numerosas formaciones de m\u00fasica moderna, tocando tanto el bajo como el viol\u00edn y haciendo coros.\nHa dirigido el coro de la ONCE en Mallorca durante 5 temporadas, ha cantado con el cuarteto vocal Aura Veus durante 15 a\u00f1os, ha sido bajista de la big band Miranda Jazz Combo y de los grupos Clau de Tres (versiones de rock en formato tr\u00edo ac\u00fastico), Sabor a Cuba (banda femenina de m\u00fasica cubana)...<\/p>\n<p>Actualmente imparte clases de sonido en la escuela de audiovisuales CEF, da voz y lenguaje musical en Factoria de M\u00fasics y en la Escola Municipal de M\u00fasica de Palma, toca el bajo con el grupo Angels (soul, rock y funk), canta con el grupo vocal Mavac\u00fa, colabora con el viol\u00edn y\nbajo con varios cantautores (tocando en Mallorca, Catalunya, Madrid...) y bandas y en musicales, y es la bajista de la banda de jazz femenina Morgana Jazz y de la banda de swing Swingtonizando y Charm Duet.<br \/>\nDirectora del coro \u00c0nima G\u00f2spel. Estudios superiores de Contrabajo Jazz en el Conservatori Superior de les Illes Balears.<\/p>\n<\/div>\n<\/section>\n<\/div><\/section>\n<div  class='flex_column av-42s1ss-761b037ba6e4f042897ed75a3a05af7b av_one_full  avia-builder-el-5  el_after_av_textblock  el_before_av_button  first flex_column_div  column-top-margin'     ><\/div>\n<div  class='avia-button-wrap av-md0xbcn0-406999706d50ec0027f4fb6f833202b3-wrap avia-button-center  avia-builder-el-6  el_after_av_one_full  el_before_av_one_full'><a href='https:\/\/escolademusicalloret.com\/es\/professorat\/'  class='avia-button av-md0xbcn0-406999706d50ec0027f4fb6f833202b3 av-link-btn avia-icon_select-no avia-size-small avia-position-center avia-color-theme-color'   aria-label=\"volver\"><span class='avia_iconbox_title' >volver<\/span><\/a><\/div>\n<div  class='flex_column av-1uoti4-03afe2b5e8e42dea08d763926a01bedd av_one_full  avia-builder-el-7  el_after_av_button  avia-builder-el-last  first flex_column_div'     ><\/div>","protected":false},"excerpt":{"rendered":"","protected":false},"author":2,"featured_media":2680,"parent":0,"menu_order":0,"comment_status":"closed","ping_status":"closed","template":"","meta":{"footnotes":""},"class_list":["post-2679","page","type-page","status-publish","has-post-thumbnail","hentry"],"yoast_head":"<!-- This site is optimized with the Yoast SEO plugin v25.2 - https:\/\/yoast.com\/wordpress\/plugins\/seo\/ -->\n<title>Llucia &#062; Escola de Musica Lloret<\/title>\n<meta name=\"robots\" content=\"index, follow, max-snippet:-1, max-image-preview:large, max-video-preview:-1\" \/>\n<link rel=\"canonical\" href=\"https:\/\/escolademusicalloret.com\/es\/llucia\/\" \/>\n<meta property=\"og:locale\" content=\"es_ES\" \/>\n<meta property=\"og:type\" content=\"article\" \/>\n<meta property=\"og:title\" content=\"Llucia &#062; Escola de Musica Lloret\" \/>\n<meta property=\"og:url\" content=\"https:\/\/escolademusicalloret.com\/es\/llucia\/\" \/>\n<meta property=\"og:site_name\" content=\"Escola de Musica Lloret\" \/>\n<meta property=\"article:modified_time\" content=\"2025-09-18T13:49:30+00:00\" \/>\n<meta property=\"og:image\" content=\"https:\/\/escolademusicalloret.com\/wp-content\/uploads\/2025\/07\/pexels-a-s-230381325-12092846-scaled.jpg\" \/>\n\t<meta property=\"og:image:width\" content=\"2560\" \/>\n\t<meta property=\"og:image:height\" content=\"1702\" \/>\n\t<meta property=\"og:image:type\" content=\"image\/jpeg\" \/>\n<meta name=\"twitter:card\" content=\"summary_large_image\" \/>\n<meta name=\"twitter:label1\" content=\"Tiempo de lectura\" \/>\n\t<meta name=\"twitter:data1\" content=\"3 minutos\" \/>\n<script type=\"application\/ld+json\" class=\"yoast-schema-graph\">{\"@context\":\"https:\/\/schema.org\",\"@graph\":[{\"@type\":\"WebPage\",\"@id\":\"https:\/\/escolademusicalloret.com\/llucia\/\",\"url\":\"https:\/\/escolademusicalloret.com\/llucia\/\",\"name\":\"Llucia &#062; Escola de Musica Lloret\",\"isPartOf\":{\"@id\":\"https:\/\/escolademusicalloret.com\/#website\"},\"primaryImageOfPage\":{\"@id\":\"https:\/\/escolademusicalloret.com\/llucia\/#primaryimage\"},\"image\":{\"@id\":\"https:\/\/escolademusicalloret.com\/llucia\/#primaryimage\"},\"thumbnailUrl\":\"https:\/\/escolademusicalloret.com\/wp-content\/uploads\/2025\/07\/pexels-a-s-230381325-12092846-scaled.jpg\",\"datePublished\":\"2025-07-13T00:44:44+00:00\",\"dateModified\":\"2025-09-18T13:49:30+00:00\",\"breadcrumb\":{\"@id\":\"https:\/\/escolademusicalloret.com\/llucia\/#breadcrumb\"},\"inLanguage\":\"es\",\"potentialAction\":[{\"@type\":\"ReadAction\",\"target\":[\"https:\/\/escolademusicalloret.com\/llucia\/\"]}]},{\"@type\":\"ImageObject\",\"inLanguage\":\"es\",\"@id\":\"https:\/\/escolademusicalloret.com\/llucia\/#primaryimage\",\"url\":\"https:\/\/escolademusicalloret.com\/wp-content\/uploads\/2025\/07\/pexels-a-s-230381325-12092846-scaled.jpg\",\"contentUrl\":\"https:\/\/escolademusicalloret.com\/wp-content\/uploads\/2025\/07\/pexels-a-s-230381325-12092846-scaled.jpg\",\"width\":2560,\"height\":1702},{\"@type\":\"BreadcrumbList\",\"@id\":\"https:\/\/escolademusicalloret.com\/llucia\/#breadcrumb\",\"itemListElement\":[{\"@type\":\"ListItem\",\"position\":1,\"name\":\"Portada\",\"item\":\"https:\/\/escolademusicalloret.com\/\"},{\"@type\":\"ListItem\",\"position\":2,\"name\":\"Llucia\"}]},{\"@type\":\"WebSite\",\"@id\":\"https:\/\/escolademusicalloret.com\/#website\",\"url\":\"https:\/\/escolademusicalloret.com\/\",\"name\":\"Escola de Musica Lloret\",\"description\":\"Escola M\u00fasica\",\"publisher\":{\"@id\":\"https:\/\/escolademusicalloret.com\/#\/schema\/person\/376c9c4bab832235e877438a59f9a3da\"},\"potentialAction\":[{\"@type\":\"SearchAction\",\"target\":{\"@type\":\"EntryPoint\",\"urlTemplate\":\"https:\/\/escolademusicalloret.com\/?s={search_term_string}\"},\"query-input\":{\"@type\":\"PropertyValueSpecification\",\"valueRequired\":true,\"valueName\":\"search_term_string\"}}],\"inLanguage\":\"es\"},{\"@type\":[\"Person\",\"Organization\"],\"@id\":\"https:\/\/escolademusicalloret.com\/#\/schema\/person\/376c9c4bab832235e877438a59f9a3da\",\"name\":\"Escola M\u00fasica Lloret\",\"image\":{\"@type\":\"ImageObject\",\"inLanguage\":\"es\",\"@id\":\"https:\/\/escolademusicalloret.com\/#\/schema\/person\/image\/\",\"url\":\"https:\/\/escolademusicalloret.com\/wp-content\/uploads\/2025\/07\/escolademusicalloret-fav.jpg\",\"contentUrl\":\"https:\/\/escolademusicalloret.com\/wp-content\/uploads\/2025\/07\/escolademusicalloret-fav.jpg\",\"width\":512,\"height\":512,\"caption\":\"Escola M\u00fasica Lloret\"},\"logo\":{\"@id\":\"https:\/\/escolademusicalloret.com\/#\/schema\/person\/image\/\"}}]}<\/script>\n<!-- \/ Yoast SEO plugin. -->","yoast_head_json":{"title":"Llucia &#062; Escola de Musica Lloret","robots":{"index":"index","follow":"follow","max-snippet":"max-snippet:-1","max-image-preview":"max-image-preview:large","max-video-preview":"max-video-preview:-1"},"canonical":"https:\/\/escolademusicalloret.com\/es\/llucia\/","og_locale":"es_ES","og_type":"article","og_title":"Llucia &#062; Escola de Musica Lloret","og_url":"https:\/\/escolademusicalloret.com\/es\/llucia\/","og_site_name":"Escola de Musica Lloret","article_modified_time":"2025-09-18T13:49:30+00:00","og_image":[{"width":2560,"height":1702,"url":"https:\/\/escolademusicalloret.com\/wp-content\/uploads\/2025\/07\/pexels-a-s-230381325-12092846-scaled.jpg","type":"image\/jpeg"}],"twitter_card":"summary_large_image","twitter_misc":{"Tiempo de lectura":"3 minutos"},"schema":{"@context":"https:\/\/schema.org","@graph":[{"@type":"WebPage","@id":"https:\/\/escolademusicalloret.com\/llucia\/","url":"https:\/\/escolademusicalloret.com\/llucia\/","name":"Llucia &#062; Escola de Musica Lloret","isPartOf":{"@id":"https:\/\/escolademusicalloret.com\/#website"},"primaryImageOfPage":{"@id":"https:\/\/escolademusicalloret.com\/llucia\/#primaryimage"},"image":{"@id":"https:\/\/escolademusicalloret.com\/llucia\/#primaryimage"},"thumbnailUrl":"https:\/\/escolademusicalloret.com\/wp-content\/uploads\/2025\/07\/pexels-a-s-230381325-12092846-scaled.jpg","datePublished":"2025-07-13T00:44:44+00:00","dateModified":"2025-09-18T13:49:30+00:00","breadcrumb":{"@id":"https:\/\/escolademusicalloret.com\/llucia\/#breadcrumb"},"inLanguage":"es","potentialAction":[{"@type":"ReadAction","target":["https:\/\/escolademusicalloret.com\/llucia\/"]}]},{"@type":"ImageObject","inLanguage":"es","@id":"https:\/\/escolademusicalloret.com\/llucia\/#primaryimage","url":"https:\/\/escolademusicalloret.com\/wp-content\/uploads\/2025\/07\/pexels-a-s-230381325-12092846-scaled.jpg","contentUrl":"https:\/\/escolademusicalloret.com\/wp-content\/uploads\/2025\/07\/pexels-a-s-230381325-12092846-scaled.jpg","width":2560,"height":1702},{"@type":"BreadcrumbList","@id":"https:\/\/escolademusicalloret.com\/llucia\/#breadcrumb","itemListElement":[{"@type":"ListItem","position":1,"name":"Portada","item":"https:\/\/escolademusicalloret.com\/"},{"@type":"ListItem","position":2,"name":"Llucia"}]},{"@type":"WebSite","@id":"https:\/\/escolademusicalloret.com\/#website","url":"https:\/\/escolademusicalloret.com\/","name":"Escola de Musica Lloret","description":"Escola M\u00fasica","publisher":{"@id":"https:\/\/escolademusicalloret.com\/#\/schema\/person\/376c9c4bab832235e877438a59f9a3da"},"potentialAction":[{"@type":"SearchAction","target":{"@type":"EntryPoint","urlTemplate":"https:\/\/escolademusicalloret.com\/?s={search_term_string}"},"query-input":{"@type":"PropertyValueSpecification","valueRequired":true,"valueName":"search_term_string"}}],"inLanguage":"es"},{"@type":["Person","Organization"],"@id":"https:\/\/escolademusicalloret.com\/#\/schema\/person\/376c9c4bab832235e877438a59f9a3da","name":"Escola M\u00fasica Lloret","image":{"@type":"ImageObject","inLanguage":"es","@id":"https:\/\/escolademusicalloret.com\/#\/schema\/person\/image\/","url":"https:\/\/escolademusicalloret.com\/wp-content\/uploads\/2025\/07\/escolademusicalloret-fav.jpg","contentUrl":"https:\/\/escolademusicalloret.com\/wp-content\/uploads\/2025\/07\/escolademusicalloret-fav.jpg","width":512,"height":512,"caption":"Escola M\u00fasica Lloret"},"logo":{"@id":"https:\/\/escolademusicalloret.com\/#\/schema\/person\/image\/"}}]}},"_links":{"self":[{"href":"https:\/\/escolademusicalloret.com\/es\/wp-json\/wp\/v2\/pages\/2679","targetHints":{"allow":["GET"]}}],"collection":[{"href":"https:\/\/escolademusicalloret.com\/es\/wp-json\/wp\/v2\/pages"}],"about":[{"href":"https:\/\/escolademusicalloret.com\/es\/wp-json\/wp\/v2\/types\/page"}],"author":[{"embeddable":true,"href":"https:\/\/escolademusicalloret.com\/es\/wp-json\/wp\/v2\/users\/2"}],"replies":[{"embeddable":true,"href":"https:\/\/escolademusicalloret.com\/es\/wp-json\/wp\/v2\/comments?post=2679"}],"version-history":[{"count":5,"href":"https:\/\/escolademusicalloret.com\/es\/wp-json\/wp\/v2\/pages\/2679\/revisions"}],"predecessor-version":[{"id":3095,"href":"https:\/\/escolademusicalloret.com\/es\/wp-json\/wp\/v2\/pages\/2679\/revisions\/3095"}],"wp:featuredmedia":[{"embeddable":true,"href":"https:\/\/escolademusicalloret.com\/es\/wp-json\/wp\/v2\/media\/2680"}],"wp:attachment":[{"href":"https:\/\/escolademusicalloret.com\/es\/wp-json\/wp\/v2\/media?parent=2679"}],"curies":[{"name":"wp","href":"https:\/\/api.w.org\/{rel}","templated":true}]}}