{"id":2664,"date":"2025-07-13T00:34:45","date_gmt":"2025-07-13T00:34:45","guid":{"rendered":"https:\/\/escolademusicalloret.com\/?page_id=2664"},"modified":"2025-07-13T00:34:45","modified_gmt":"2025-07-13T00:34:45","slug":"amanda","status":"publish","type":"page","link":"https:\/\/escolademusicalloret.com\/es\/amanda\/","title":{"rendered":"Amanda"},"content":{"rendered":"<div  class='flex_column av-6tgflo-5849bc9ff1399fb4c84d1f5e895d6ee0 av_one_full  avia-builder-el-0  el_before_av_heading  avia-builder-el-first  first flex_column_div'     ><\/div>\n\n<style type=\"text\/css\" data-created_by=\"avia_inline_auto\" id=\"style-css-av-md0x9ho4-a76a54ad463ad5b138e339e91b06bf2c\">\n#top .av-special-heading.av-md0x9ho4-a76a54ad463ad5b138e339e91b06bf2c{\npadding-bottom:10px;\n}\nbody .av-special-heading.av-md0x9ho4-a76a54ad463ad5b138e339e91b06bf2c .av-special-heading-tag .heading-char{\nfont-size:25px;\n}\n.av-special-heading.av-md0x9ho4-a76a54ad463ad5b138e339e91b06bf2c .av-subheading{\nfont-size:15px;\n}\n<\/style>\n<div  class='av-special-heading av-md0x9ho4-a76a54ad463ad5b138e339e91b06bf2c av-special-heading-h2 blockquote modern-quote modern-centered  avia-builder-el-1  el_after_av_one_full  el_before_av_one_full'><h2 class='av-special-heading-tag'  itemprop=\"headline\"  >Amanda Ad\u00e1nez<\/h2><div class=\"special-heading-border\"><div class=\"special-heading-inner-border\"><\/div><\/div><\/div>\n<div  class='flex_column av-63wibg-eb4bfeff79524f23cf8cd76bcc3d2263 av_one_full  avia-builder-el-2  el_after_av_heading  el_before_av_textblock  first flex_column_div'     ><\/div>\n\n<style type=\"text\/css\" data-created_by=\"avia_inline_auto\" id=\"style-css-av-md0xcmn3-15d02f19a047956cbf7a4ad347d4f02e\">\n#top .av_textblock_section.av-md0xcmn3-15d02f19a047956cbf7a4ad347d4f02e .avia_textblock{\nfont-size:19px;\n}\n<\/style>\n<section  class='av_textblock_section av-md0xcmn3-15d02f19a047956cbf7a4ad347d4f02e'   itemscope=\"itemscope\" itemtype=\"https:\/\/schema.org\/CreativeWork\" ><div class='avia_textblock'  itemprop=\"text\" ><section class=\"av_textblock_section av-m66kvbci-c9b7901586cfa42566c40bf830c3c208\">\n<div class=\"avia_textblock\">\n<p>Saxofonista profesional con una s\u00f3lida trayectoria en el \u00e1mbito militar, educativo y art\u00edstico. Empez\u00f3 sus estudios musicales en el Conservatorio Profesional Mestre T\u00e0rrega y finaliz\u00f3 el grado profesional de saxof\u00f3n en el Conservatorio de Inca en 2019.<\/p>\n<p>Desde 2007 forma parte de la m\u00fasica del Ej\u00e9rcito de Tierra. Ha colaborado activamente con la Banda de Alar\u00f3 desde 2013 hasta 2025, participando en numerosos acontecimientos culturales y conciertos. Desde 2023, compagina su labor interpretativa con la docencia.<\/p>\n<\/div>\n<\/section>\n<\/div><\/section>\n<div  class='flex_column av-42s1ss-761b037ba6e4f042897ed75a3a05af7b av_one_full  avia-builder-el-4  el_after_av_textblock  el_before_av_button  first flex_column_div  column-top-margin'     ><\/div>\n<div  class='avia-button-wrap av-md0xbcn0-406999706d50ec0027f4fb6f833202b3-wrap avia-button-center  avia-builder-el-5  el_after_av_one_full  el_before_av_one_full'><a href='https:\/\/escolademusicalloret.com\/es\/professorat\/'  class='avia-button av-md0xbcn0-406999706d50ec0027f4fb6f833202b3 av-link-btn avia-icon_select-no avia-size-small avia-position-center avia-color-theme-color'   aria-label=\"volver\"><span class='avia_iconbox_title' >volver<\/span><\/a><\/div>\n<div  class='flex_column av-1uoti4-03afe2b5e8e42dea08d763926a01bedd av_one_full  avia-builder-el-6  el_after_av_button  avia-builder-el-last  first flex_column_div'     ><\/div>","protected":false},"excerpt":{"rendered":"","protected":false},"author":2,"featured_media":2665,"parent":0,"menu_order":0,"comment_status":"closed","ping_status":"closed","template":"","meta":{"footnotes":""},"class_list":["post-2664","page","type-page","status-publish","has-post-thumbnail","hentry"],"yoast_head":"<!-- This site is optimized with the Yoast SEO plugin v25.2 - https:\/\/yoast.com\/wordpress\/plugins\/seo\/ -->\n<title>Amanda &#062; Escola de Musica Lloret<\/title>\n<meta name=\"robots\" content=\"index, follow, max-snippet:-1, max-image-preview:large, max-video-preview:-1\" \/>\n<link rel=\"canonical\" href=\"https:\/\/escolademusicalloret.com\/es\/amanda\/\" \/>\n<meta property=\"og:locale\" content=\"es_ES\" \/>\n<meta property=\"og:type\" content=\"article\" \/>\n<meta property=\"og:title\" content=\"Amanda &#062; Escola de Musica Lloret\" \/>\n<meta property=\"og:url\" content=\"https:\/\/escolademusicalloret.com\/es\/amanda\/\" \/>\n<meta property=\"og:site_name\" content=\"Escola de Musica Lloret\" \/>\n<meta property=\"og:image\" content=\"https:\/\/escolademusicalloret.com\/wp-content\/uploads\/2025\/07\/pexels-rucasouza-1049690-1030x682.jpg\" \/>\n\t<meta property=\"og:image:width\" content=\"1030\" \/>\n\t<meta property=\"og:image:height\" content=\"682\" \/>\n\t<meta property=\"og:image:type\" content=\"image\/jpeg\" \/>\n<meta name=\"twitter:card\" content=\"summary_large_image\" \/>\n<meta name=\"twitter:label1\" content=\"Tiempo de lectura\" \/>\n\t<meta name=\"twitter:data1\" content=\"1 minuto\" \/>\n<script type=\"application\/ld+json\" class=\"yoast-schema-graph\">{\"@context\":\"https:\/\/schema.org\",\"@graph\":[{\"@type\":\"WebPage\",\"@id\":\"https:\/\/escolademusicalloret.com\/amanda\/\",\"url\":\"https:\/\/escolademusicalloret.com\/amanda\/\",\"name\":\"Amanda &#062; Escola de Musica Lloret\",\"isPartOf\":{\"@id\":\"https:\/\/escolademusicalloret.com\/#website\"},\"primaryImageOfPage\":{\"@id\":\"https:\/\/escolademusicalloret.com\/amanda\/#primaryimage\"},\"image\":{\"@id\":\"https:\/\/escolademusicalloret.com\/amanda\/#primaryimage\"},\"thumbnailUrl\":\"https:\/\/escolademusicalloret.com\/wp-content\/uploads\/2025\/07\/pexels-rucasouza-1049690-scaled.jpg\",\"datePublished\":\"2025-07-13T00:34:45+00:00\",\"breadcrumb\":{\"@id\":\"https:\/\/escolademusicalloret.com\/amanda\/#breadcrumb\"},\"inLanguage\":\"es\",\"potentialAction\":[{\"@type\":\"ReadAction\",\"target\":[\"https:\/\/escolademusicalloret.com\/amanda\/\"]}]},{\"@type\":\"ImageObject\",\"inLanguage\":\"es\",\"@id\":\"https:\/\/escolademusicalloret.com\/amanda\/#primaryimage\",\"url\":\"https:\/\/escolademusicalloret.com\/wp-content\/uploads\/2025\/07\/pexels-rucasouza-1049690-scaled.jpg\",\"contentUrl\":\"https:\/\/escolademusicalloret.com\/wp-content\/uploads\/2025\/07\/pexels-rucasouza-1049690-scaled.jpg\",\"width\":2560,\"height\":1696},{\"@type\":\"BreadcrumbList\",\"@id\":\"https:\/\/escolademusicalloret.com\/amanda\/#breadcrumb\",\"itemListElement\":[{\"@type\":\"ListItem\",\"position\":1,\"name\":\"Portada\",\"item\":\"https:\/\/escolademusicalloret.com\/\"},{\"@type\":\"ListItem\",\"position\":2,\"name\":\"Amanda\"}]},{\"@type\":\"WebSite\",\"@id\":\"https:\/\/escolademusicalloret.com\/#website\",\"url\":\"https:\/\/escolademusicalloret.com\/\",\"name\":\"Escola de Musica Lloret\",\"description\":\"Escola M\u00fasica\",\"publisher\":{\"@id\":\"https:\/\/escolademusicalloret.com\/#\/schema\/person\/376c9c4bab832235e877438a59f9a3da\"},\"potentialAction\":[{\"@type\":\"SearchAction\",\"target\":{\"@type\":\"EntryPoint\",\"urlTemplate\":\"https:\/\/escolademusicalloret.com\/?s={search_term_string}\"},\"query-input\":{\"@type\":\"PropertyValueSpecification\",\"valueRequired\":true,\"valueName\":\"search_term_string\"}}],\"inLanguage\":\"es\"},{\"@type\":[\"Person\",\"Organization\"],\"@id\":\"https:\/\/escolademusicalloret.com\/#\/schema\/person\/376c9c4bab832235e877438a59f9a3da\",\"name\":\"Escola M\u00fasica Lloret\",\"image\":{\"@type\":\"ImageObject\",\"inLanguage\":\"es\",\"@id\":\"https:\/\/escolademusicalloret.com\/#\/schema\/person\/image\/\",\"url\":\"https:\/\/escolademusicalloret.com\/wp-content\/uploads\/2025\/07\/escolademusicalloret-fav.jpg\",\"contentUrl\":\"https:\/\/escolademusicalloret.com\/wp-content\/uploads\/2025\/07\/escolademusicalloret-fav.jpg\",\"width\":512,\"height\":512,\"caption\":\"Escola M\u00fasica Lloret\"},\"logo\":{\"@id\":\"https:\/\/escolademusicalloret.com\/#\/schema\/person\/image\/\"}}]}<\/script>\n<!-- \/ Yoast SEO plugin. -->","yoast_head_json":{"title":"Amanda &#062; Escola de Musica Lloret","robots":{"index":"index","follow":"follow","max-snippet":"max-snippet:-1","max-image-preview":"max-image-preview:large","max-video-preview":"max-video-preview:-1"},"canonical":"https:\/\/escolademusicalloret.com\/es\/amanda\/","og_locale":"es_ES","og_type":"article","og_title":"Amanda &#062; Escola de Musica Lloret","og_url":"https:\/\/escolademusicalloret.com\/es\/amanda\/","og_site_name":"Escola de Musica Lloret","og_image":[{"width":1030,"height":682,"url":"https:\/\/escolademusicalloret.com\/wp-content\/uploads\/2025\/07\/pexels-rucasouza-1049690-1030x682.jpg","type":"image\/jpeg"}],"twitter_card":"summary_large_image","twitter_misc":{"Tiempo de lectura":"1 minuto"},"schema":{"@context":"https:\/\/schema.org","@graph":[{"@type":"WebPage","@id":"https:\/\/escolademusicalloret.com\/amanda\/","url":"https:\/\/escolademusicalloret.com\/amanda\/","name":"Amanda &#062; Escola de Musica Lloret","isPartOf":{"@id":"https:\/\/escolademusicalloret.com\/#website"},"primaryImageOfPage":{"@id":"https:\/\/escolademusicalloret.com\/amanda\/#primaryimage"},"image":{"@id":"https:\/\/escolademusicalloret.com\/amanda\/#primaryimage"},"thumbnailUrl":"https:\/\/escolademusicalloret.com\/wp-content\/uploads\/2025\/07\/pexels-rucasouza-1049690-scaled.jpg","datePublished":"2025-07-13T00:34:45+00:00","breadcrumb":{"@id":"https:\/\/escolademusicalloret.com\/amanda\/#breadcrumb"},"inLanguage":"es","potentialAction":[{"@type":"ReadAction","target":["https:\/\/escolademusicalloret.com\/amanda\/"]}]},{"@type":"ImageObject","inLanguage":"es","@id":"https:\/\/escolademusicalloret.com\/amanda\/#primaryimage","url":"https:\/\/escolademusicalloret.com\/wp-content\/uploads\/2025\/07\/pexels-rucasouza-1049690-scaled.jpg","contentUrl":"https:\/\/escolademusicalloret.com\/wp-content\/uploads\/2025\/07\/pexels-rucasouza-1049690-scaled.jpg","width":2560,"height":1696},{"@type":"BreadcrumbList","@id":"https:\/\/escolademusicalloret.com\/amanda\/#breadcrumb","itemListElement":[{"@type":"ListItem","position":1,"name":"Portada","item":"https:\/\/escolademusicalloret.com\/"},{"@type":"ListItem","position":2,"name":"Amanda"}]},{"@type":"WebSite","@id":"https:\/\/escolademusicalloret.com\/#website","url":"https:\/\/escolademusicalloret.com\/","name":"Escola de Musica Lloret","description":"Escola M\u00fasica","publisher":{"@id":"https:\/\/escolademusicalloret.com\/#\/schema\/person\/376c9c4bab832235e877438a59f9a3da"},"potentialAction":[{"@type":"SearchAction","target":{"@type":"EntryPoint","urlTemplate":"https:\/\/escolademusicalloret.com\/?s={search_term_string}"},"query-input":{"@type":"PropertyValueSpecification","valueRequired":true,"valueName":"search_term_string"}}],"inLanguage":"es"},{"@type":["Person","Organization"],"@id":"https:\/\/escolademusicalloret.com\/#\/schema\/person\/376c9c4bab832235e877438a59f9a3da","name":"Escola M\u00fasica Lloret","image":{"@type":"ImageObject","inLanguage":"es","@id":"https:\/\/escolademusicalloret.com\/#\/schema\/person\/image\/","url":"https:\/\/escolademusicalloret.com\/wp-content\/uploads\/2025\/07\/escolademusicalloret-fav.jpg","contentUrl":"https:\/\/escolademusicalloret.com\/wp-content\/uploads\/2025\/07\/escolademusicalloret-fav.jpg","width":512,"height":512,"caption":"Escola M\u00fasica Lloret"},"logo":{"@id":"https:\/\/escolademusicalloret.com\/#\/schema\/person\/image\/"}}]}},"_links":{"self":[{"href":"https:\/\/escolademusicalloret.com\/es\/wp-json\/wp\/v2\/pages\/2664","targetHints":{"allow":["GET"]}}],"collection":[{"href":"https:\/\/escolademusicalloret.com\/es\/wp-json\/wp\/v2\/pages"}],"about":[{"href":"https:\/\/escolademusicalloret.com\/es\/wp-json\/wp\/v2\/types\/page"}],"author":[{"embeddable":true,"href":"https:\/\/escolademusicalloret.com\/es\/wp-json\/wp\/v2\/users\/2"}],"replies":[{"embeddable":true,"href":"https:\/\/escolademusicalloret.com\/es\/wp-json\/wp\/v2\/comments?post=2664"}],"version-history":[{"count":2,"href":"https:\/\/escolademusicalloret.com\/es\/wp-json\/wp\/v2\/pages\/2664\/revisions"}],"predecessor-version":[{"id":2667,"href":"https:\/\/escolademusicalloret.com\/es\/wp-json\/wp\/v2\/pages\/2664\/revisions\/2667"}],"wp:featuredmedia":[{"embeddable":true,"href":"https:\/\/escolademusicalloret.com\/es\/wp-json\/wp\/v2\/media\/2665"}],"wp:attachment":[{"href":"https:\/\/escolademusicalloret.com\/es\/wp-json\/wp\/v2\/media?parent=2664"}],"curies":[{"name":"wp","href":"https:\/\/api.w.org\/{rel}","templated":true}]}}