{"id":2567,"date":"2025-07-12T22:28:37","date_gmt":"2025-07-12T22:28:37","guid":{"rendered":"https:\/\/escolademusicalloret.com\/?page_id=2567"},"modified":"2025-10-03T09:45:59","modified_gmt":"2025-10-03T09:45:59","slug":"matricula","status":"publish","type":"page","link":"https:\/\/escolademusicalloret.com\/es\/matricula\/","title":{"rendered":"Matr\u00edcula 2025-2026"},"content":{"rendered":"<div  class='flex_column av-4rt40n-1682e2cffad778d2502c416e96ede4ac av_one_full  avia-builder-el-0  el_before_av_heading  avia-builder-el-first  first flex_column_div'     ><\/div>\n\n<style type=\"text\/css\" data-created_by=\"avia_inline_auto\" id=\"style-css-av-md0wes4l-3b05ee0e38d7361868636d75cac55d44\">\n#top .av-special-heading.av-md0wes4l-3b05ee0e38d7361868636d75cac55d44{\npadding-bottom:10px;\n}\nbody .av-special-heading.av-md0wes4l-3b05ee0e38d7361868636d75cac55d44 .av-special-heading-tag .heading-char{\nfont-size:25px;\n}\n.av-special-heading.av-md0wes4l-3b05ee0e38d7361868636d75cac55d44 .av-subheading{\nfont-size:15px;\n}\n<\/style>\n<div  class='av-special-heading av-md0wes4l-3b05ee0e38d7361868636d75cac55d44 av-special-heading-h1 blockquote modern-quote modern-centered  avia-builder-el-1  el_after_av_one_full  el_before_av_one_full'><h1 class='av-special-heading-tag'  itemprop=\"headline\"  >normas de matr\u00edcula<\/h1><div class=\"special-heading-border\"><div class=\"special-heading-inner-border\"><\/div><\/div><\/div>\n<div  class='flex_column av-2xia3b-60ae6a65a92618f8f075ad2b7037590e av_one_full  avia-builder-el-2  el_after_av_heading  el_before_av_one_full  first flex_column_div'     ><\/div>\n<div  class='flex_column av-206fnb-3ba620f73529ae8a92c4c810b69ed995 av_one_full  avia-builder-el-3  el_after_av_one_full  el_before_av_textblock  first flex_column_div  column-top-margin'     ><\/div>\n\n<style type=\"text\/css\" data-created_by=\"avia_inline_auto\" id=\"style-css-av-8g71z-102e1ed45a311b994f890dc04c41c618\">\n#top .av_textblock_section.av-8g71z-102e1ed45a311b994f890dc04c41c618 .avia_textblock{\nfont-size:21px;\n}\n<\/style>\n<section  class='av_textblock_section av-8g71z-102e1ed45a311b994f890dc04c41c618'   itemscope=\"itemscope\" itemtype=\"https:\/\/schema.org\/CreativeWork\" ><div class='avia_textblock'  itemprop=\"text\" ><p><strong>CURSO 2025-2026<\/strong><\/p>\n<p>Las clases comenzar\u00e1n el d\u00eda <strong>13 de septiembre (M\u00daSICA PARA BEB\u00c9S)<\/strong> y <strong>2 de octubre (M\u00daSICA PARA TODOS)<\/strong> \u00a0conclouran el 19 de juny. El calendari de festius calendari festiu s&#8217;ajustar\u00e0 al calendari general d&#8217;educaci\u00f3.<\/p>\n<p>La matricula se realizar\u00e1 por riguroso orden de entrada en el <strong>formulario<\/strong> de esta p\u00e1gina.<\/p>\n<p>Pod\u00e9is rellenar el formulario desde la recepci\u00f3n de esta informaci\u00f3n. La matriculaci\u00f3n estar\u00e1 disponible desde el d\u00eda <strong>17 de julio a las 7.00h<\/strong> hasta el <strong>3 de setiembre a leas 23.59h<\/strong><\/p>\n<p>En el supuesto de que un alumno solo cursi Teor\u00eda Musical (porque ya lo ha realizado o la realiza en otro centro) o solo instrumento (por la misma raz\u00f3n), abonar\u00e1 el coste mensual completo.<\/p>\n<p><strong>NO hay que abonar nada en concepto de matricula<\/strong>, solo las mensualidades en funci\u00f3n del grupo y nivel que se explica a continuaci\u00f3n:<\/p>\n<p><strong>El valor de la matr\u00edcula es de 60\u20ac\/mes por los alumnos de Taller Infantil II, Teor\u00eda Musical y Apreciaci\u00f3n Musical por Adultos, incluye:<\/strong><\/p>\n<ul>\n<li>instrumento + clase de teor\u00eda<\/li>\n<\/ul>\n<p><strong>El valor de la matr\u00edcula es de 45\u20ac\/mes por los alumnos de Taller Infantil I, incluye:<\/strong><\/p>\n<ul>\n<li>clase de teor\u00eda<\/li>\n<\/ul>\n<p>Cada miembro m\u00e1s del mismo n\u00facleo familiar tendr\u00e1 un <strong>descuento del 10%<\/strong> sobre la mensualidad.<\/p>\n<p>En la hora de elegir horario de instrumento (alumnos de Taller Infantil II, Teor\u00eda Musical y Apreciaci\u00f3n Musical por Adultos)<strong> t\u00e9ngase en cuenta el horario de estas asignaturas.<\/strong><\/p>\n<p>En cas de desitjar <strong>cursar 2 instruments<\/strong> haur\u00e0s d&#8217;emplenar el formulari 2 vegades indicant cada vegada l&#8217;instrument desitjat. En aquest cas la matr\u00edcula tindria un increment de 30\u20ac :<\/p>\n<p><em>Ejemplo: un alumno hace Teor\u00eda Musical y Piano y desea hacer, adem\u00e1s, sax\u00f3fono: hace 2 veces el formulario y la matr\u00edcula mensual total ser\u00e1 de 90\u20ac).<\/em><\/p>\n<p>Sin embargo, la segunda opci\u00f3n de instrumento ser\u00e1 confirmada una vez todo el alumnado se haya inscrito en su instrumento principal.<\/p>\n<ul>\n<li><strong>Lee atentamente las opciones de horarios<\/strong><\/li>\n<li>Si tienes cualquier duda puedes telefonear al 645209213 o escribir a info@escolademusicalloret.com<\/li>\n<li>Rellena el formulario de inscripci\u00f3n<\/li>\n<li>Inscr\u00edbete al instrumento <strong>desde el 17 de julio a las 7.00h<\/strong> y hasta el 3 de septiembre a las 23.*59h <strong>pulsando al\u00a0bot\u00f3n (bajo de esta misma p\u00e1gina)<\/strong> correspondiendo a tu instrumento y <strong>elige el horario de instrumento<\/strong> que quede libre (tengas en cuenta los horarios de las asignaturas te\u00f3ricas procurando no alterar jefe horario ya registrado<\/li>\n<li>Recibir\u00e1s un <em>email<\/em> de confirmaci\u00f3n en las siguientes 24 horas confirmando tu horario<\/li>\n<li>De conformidad con el Reglamento General de Protecci\u00f3n de Datos (RGPD), esta Administraci\u00f3n lo informa que los datos de car\u00e1cter personal que se obtengan de su solicitud ser\u00e1n incorporados ay tratados de manera segura y confidencial en los correspondientes ficheros. M\u00e1s informaci\u00f3n <a href=\"https:\/\/escolademusicalloret.com\/es\/proteccio-dades\/\">aqu\u00ed<\/a>.<\/li>\n<\/ul>\n<\/div><\/section>\n<div  class='flex_column av-4udpcn-10f7ccd5808affa42ca1a3d8a5041011 av_one_full  avia-builder-el-5  el_after_av_textblock  el_before_av_one_full  first flex_column_div  column-top-margin'     ><\/div>\n<div  class='flex_column av-1zbs93-dc94998f0fadc2a2016f860c56d2a675 av_one_full  avia-builder-el-6  el_after_av_one_full  el_before_av_one_full  first flex_column_div  column-top-margin'     ><p>\n<style type=\"text\/css\" data-created_by=\"avia_inline_auto\" id=\"style-css-av-md0ty2d7-ba6742eed274ebc6c682cc576a805df7\">\n#top .av-special-heading.av-md0ty2d7-ba6742eed274ebc6c682cc576a805df7{\npadding-bottom:10px;\n}\nbody .av-special-heading.av-md0ty2d7-ba6742eed274ebc6c682cc576a805df7 .av-special-heading-tag .heading-char{\nfont-size:25px;\n}\n.av-special-heading.av-md0ty2d7-ba6742eed274ebc6c682cc576a805df7 .av-subheading{\nfont-size:15px;\n}\n<\/style>\n<div  class='av-special-heading av-md0ty2d7-ba6742eed274ebc6c682cc576a805df7 av-special-heading-h2 blockquote modern-quote modern-centered  avia-builder-el-7  el_before_av_codeblock  avia-builder-el-first'><h2 class='av-special-heading-tag'  itemprop=\"headline\"  >rellena el formulari<\/h2><div class=\"special-heading-border\"><div class=\"special-heading-inner-border\"><\/div><\/div><\/div><br \/>\n<\/p><\/div>\n<div  class='flex_column av-302vfb-4bdf9a7280ee3c9b13abf67721ee1b34 av_one_full  avia-builder-el-9  el_after_av_one_full  el_before_av_textblock  first flex_column_div  column-top-margin'     ><\/div>\n<section  class='av_textblock_section av-md0urjg3-c4038b913b31613ccf13f9d7d8287245'   itemscope=\"itemscope\" itemtype=\"https:\/\/schema.org\/CreativeWork\" ><div class='avia_textblock'  itemprop=\"text\" ><p style=\"text-align: center;\"><em>La<strong> protecci\u00f3n de datos<\/strong> es un derecho fundamental y, en el contexto de la Uni\u00f3n Europea, el Reglamento General de Protecci\u00f3n de Datos (RGPD) establece las normas para el tratamiento de datos personales. Las empresas y organizaciones tienen que cumplir con este reglamento, garantizando la seguridad y privacidad de la informaci\u00f3n que manejan, y obteniendo el consentimiento informado de los individuos para el tratamiento de sus datos.<\/em><br \/>\n<em> Puedes leer la informaci\u00f3n b\u00e1sica de protecci\u00f3n de datos <a href=\"https:\/\/escolademusicalloret.com\/es\/proteccio-dades\/\"><strong>aqu\u00ed<\/strong><\/a><\/em><\/p>\n<\/div><\/section>\n<div  class='flex_column av-3yul5j-b8a9a4d744c4605ccce7d772e400ba87 av_one_full  avia-builder-el-11  el_after_av_textblock  avia-builder-el-last  first flex_column_div  column-top-margin'     ><\/div>","protected":false},"excerpt":{"rendered":"","protected":false},"author":2,"featured_media":2595,"parent":0,"menu_order":0,"comment_status":"closed","ping_status":"closed","template":"","meta":{"footnotes":""},"class_list":["post-2567","page","type-page","status-publish","has-post-thumbnail","hentry"],"yoast_head":"<!-- This site is optimized with the Yoast SEO plugin v25.2 - https:\/\/yoast.com\/wordpress\/plugins\/seo\/ -->\n<title>Matr\u00edcula 2025-2026 &#062; Escola de Musica Lloret<\/title>\n<meta name=\"robots\" content=\"index, follow, max-snippet:-1, max-image-preview:large, max-video-preview:-1\" \/>\n<link rel=\"canonical\" href=\"https:\/\/escolademusicalloret.com\/es\/matricula\/\" \/>\n<meta property=\"og:locale\" content=\"es_ES\" \/>\n<meta property=\"og:type\" content=\"article\" \/>\n<meta property=\"og:title\" content=\"Matr\u00edcula 2025-2026 &#062; Escola de Musica Lloret\" \/>\n<meta property=\"og:url\" content=\"https:\/\/escolademusicalloret.com\/es\/matricula\/\" \/>\n<meta property=\"og:site_name\" content=\"Escola de Musica Lloret\" \/>\n<meta property=\"article:modified_time\" content=\"2025-10-03T09:45:59+00:00\" \/>\n<meta property=\"og:image\" content=\"https:\/\/escolademusicalloret.com\/wp-content\/uploads\/2025\/07\/pexels-meline-waxx-44315-165973-scaled.jpg\" \/>\n\t<meta property=\"og:image:width\" content=\"2560\" \/>\n\t<meta property=\"og:image:height\" content=\"1707\" \/>\n\t<meta property=\"og:image:type\" content=\"image\/jpeg\" \/>\n<meta name=\"twitter:card\" content=\"summary_large_image\" \/>\n<meta name=\"twitter:label1\" content=\"Tiempo de lectura\" \/>\n\t<meta name=\"twitter:data1\" content=\"3 minutos\" \/>\n<script type=\"application\/ld+json\" class=\"yoast-schema-graph\">{\"@context\":\"https:\/\/schema.org\",\"@graph\":[{\"@type\":\"WebPage\",\"@id\":\"https:\/\/escolademusicalloret.com\/matricula\/\",\"url\":\"https:\/\/escolademusicalloret.com\/matricula\/\",\"name\":\"Matr\u00edcula 2025-2026 &#062; Escola de Musica Lloret\",\"isPartOf\":{\"@id\":\"https:\/\/escolademusicalloret.com\/#website\"},\"primaryImageOfPage\":{\"@id\":\"https:\/\/escolademusicalloret.com\/matricula\/#primaryimage\"},\"image\":{\"@id\":\"https:\/\/escolademusicalloret.com\/matricula\/#primaryimage\"},\"thumbnailUrl\":\"https:\/\/escolademusicalloret.com\/wp-content\/uploads\/2025\/07\/pexels-pnw-prod-7577305-scaled.jpg\",\"datePublished\":\"2025-07-12T22:28:37+00:00\",\"dateModified\":\"2025-10-03T09:45:59+00:00\",\"breadcrumb\":{\"@id\":\"https:\/\/escolademusicalloret.com\/matricula\/#breadcrumb\"},\"inLanguage\":\"es\",\"potentialAction\":[{\"@type\":\"ReadAction\",\"target\":[\"https:\/\/escolademusicalloret.com\/matricula\/\"]}]},{\"@type\":\"ImageObject\",\"inLanguage\":\"es\",\"@id\":\"https:\/\/escolademusicalloret.com\/matricula\/#primaryimage\",\"url\":\"https:\/\/escolademusicalloret.com\/wp-content\/uploads\/2025\/07\/pexels-pnw-prod-7577305-scaled.jpg\",\"contentUrl\":\"https:\/\/escolademusicalloret.com\/wp-content\/uploads\/2025\/07\/pexels-pnw-prod-7577305-scaled.jpg\",\"width\":2560,\"height\":1707},{\"@type\":\"BreadcrumbList\",\"@id\":\"https:\/\/escolademusicalloret.com\/matricula\/#breadcrumb\",\"itemListElement\":[{\"@type\":\"ListItem\",\"position\":1,\"name\":\"Portada\",\"item\":\"https:\/\/escolademusicalloret.com\/\"},{\"@type\":\"ListItem\",\"position\":2,\"name\":\"Matr\u00edcula 2025-2026\"}]},{\"@type\":\"WebSite\",\"@id\":\"https:\/\/escolademusicalloret.com\/#website\",\"url\":\"https:\/\/escolademusicalloret.com\/\",\"name\":\"Escola de Musica Lloret\",\"description\":\"Escola M\u00fasica\",\"publisher\":{\"@id\":\"https:\/\/escolademusicalloret.com\/#\/schema\/person\/376c9c4bab832235e877438a59f9a3da\"},\"potentialAction\":[{\"@type\":\"SearchAction\",\"target\":{\"@type\":\"EntryPoint\",\"urlTemplate\":\"https:\/\/escolademusicalloret.com\/?s={search_term_string}\"},\"query-input\":{\"@type\":\"PropertyValueSpecification\",\"valueRequired\":true,\"valueName\":\"search_term_string\"}}],\"inLanguage\":\"es\"},{\"@type\":[\"Person\",\"Organization\"],\"@id\":\"https:\/\/escolademusicalloret.com\/#\/schema\/person\/376c9c4bab832235e877438a59f9a3da\",\"name\":\"Escola M\u00fasica Lloret\",\"image\":{\"@type\":\"ImageObject\",\"inLanguage\":\"es\",\"@id\":\"https:\/\/escolademusicalloret.com\/#\/schema\/person\/image\/\",\"url\":\"https:\/\/escolademusicalloret.com\/wp-content\/uploads\/2025\/07\/escolademusicalloret-fav.jpg\",\"contentUrl\":\"https:\/\/escolademusicalloret.com\/wp-content\/uploads\/2025\/07\/escolademusicalloret-fav.jpg\",\"width\":512,\"height\":512,\"caption\":\"Escola M\u00fasica Lloret\"},\"logo\":{\"@id\":\"https:\/\/escolademusicalloret.com\/#\/schema\/person\/image\/\"}}]}<\/script>\n<!-- \/ Yoast SEO plugin. -->","yoast_head_json":{"title":"Matr\u00edcula 2025-2026 &#062; Escola de Musica Lloret","robots":{"index":"index","follow":"follow","max-snippet":"max-snippet:-1","max-image-preview":"max-image-preview:large","max-video-preview":"max-video-preview:-1"},"canonical":"https:\/\/escolademusicalloret.com\/es\/matricula\/","og_locale":"es_ES","og_type":"article","og_title":"Matr\u00edcula 2025-2026 &#062; Escola de Musica Lloret","og_url":"https:\/\/escolademusicalloret.com\/es\/matricula\/","og_site_name":"Escola de Musica Lloret","article_modified_time":"2025-10-03T09:45:59+00:00","og_image":[{"width":2560,"height":1707,"url":"https:\/\/escolademusicalloret.com\/wp-content\/uploads\/2025\/07\/pexels-meline-waxx-44315-165973-scaled.jpg","type":"image\/jpeg"}],"twitter_card":"summary_large_image","twitter_misc":{"Tiempo de lectura":"3 minutos"},"schema":{"@context":"https:\/\/schema.org","@graph":[{"@type":"WebPage","@id":"https:\/\/escolademusicalloret.com\/matricula\/","url":"https:\/\/escolademusicalloret.com\/matricula\/","name":"Matr\u00edcula 2025-2026 &#062; Escola de Musica Lloret","isPartOf":{"@id":"https:\/\/escolademusicalloret.com\/#website"},"primaryImageOfPage":{"@id":"https:\/\/escolademusicalloret.com\/matricula\/#primaryimage"},"image":{"@id":"https:\/\/escolademusicalloret.com\/matricula\/#primaryimage"},"thumbnailUrl":"https:\/\/escolademusicalloret.com\/wp-content\/uploads\/2025\/07\/pexels-pnw-prod-7577305-scaled.jpg","datePublished":"2025-07-12T22:28:37+00:00","dateModified":"2025-10-03T09:45:59+00:00","breadcrumb":{"@id":"https:\/\/escolademusicalloret.com\/matricula\/#breadcrumb"},"inLanguage":"es","potentialAction":[{"@type":"ReadAction","target":["https:\/\/escolademusicalloret.com\/matricula\/"]}]},{"@type":"ImageObject","inLanguage":"es","@id":"https:\/\/escolademusicalloret.com\/matricula\/#primaryimage","url":"https:\/\/escolademusicalloret.com\/wp-content\/uploads\/2025\/07\/pexels-pnw-prod-7577305-scaled.jpg","contentUrl":"https:\/\/escolademusicalloret.com\/wp-content\/uploads\/2025\/07\/pexels-pnw-prod-7577305-scaled.jpg","width":2560,"height":1707},{"@type":"BreadcrumbList","@id":"https:\/\/escolademusicalloret.com\/matricula\/#breadcrumb","itemListElement":[{"@type":"ListItem","position":1,"name":"Portada","item":"https:\/\/escolademusicalloret.com\/"},{"@type":"ListItem","position":2,"name":"Matr\u00edcula 2025-2026"}]},{"@type":"WebSite","@id":"https:\/\/escolademusicalloret.com\/#website","url":"https:\/\/escolademusicalloret.com\/","name":"Escola de Musica Lloret","description":"Escola M\u00fasica","publisher":{"@id":"https:\/\/escolademusicalloret.com\/#\/schema\/person\/376c9c4bab832235e877438a59f9a3da"},"potentialAction":[{"@type":"SearchAction","target":{"@type":"EntryPoint","urlTemplate":"https:\/\/escolademusicalloret.com\/?s={search_term_string}"},"query-input":{"@type":"PropertyValueSpecification","valueRequired":true,"valueName":"search_term_string"}}],"inLanguage":"es"},{"@type":["Person","Organization"],"@id":"https:\/\/escolademusicalloret.com\/#\/schema\/person\/376c9c4bab832235e877438a59f9a3da","name":"Escola M\u00fasica Lloret","image":{"@type":"ImageObject","inLanguage":"es","@id":"https:\/\/escolademusicalloret.com\/#\/schema\/person\/image\/","url":"https:\/\/escolademusicalloret.com\/wp-content\/uploads\/2025\/07\/escolademusicalloret-fav.jpg","contentUrl":"https:\/\/escolademusicalloret.com\/wp-content\/uploads\/2025\/07\/escolademusicalloret-fav.jpg","width":512,"height":512,"caption":"Escola M\u00fasica Lloret"},"logo":{"@id":"https:\/\/escolademusicalloret.com\/#\/schema\/person\/image\/"}}]}},"_links":{"self":[{"href":"https:\/\/escolademusicalloret.com\/es\/wp-json\/wp\/v2\/pages\/2567","targetHints":{"allow":["GET"]}}],"collection":[{"href":"https:\/\/escolademusicalloret.com\/es\/wp-json\/wp\/v2\/pages"}],"about":[{"href":"https:\/\/escolademusicalloret.com\/es\/wp-json\/wp\/v2\/types\/page"}],"author":[{"embeddable":true,"href":"https:\/\/escolademusicalloret.com\/es\/wp-json\/wp\/v2\/users\/2"}],"replies":[{"embeddable":true,"href":"https:\/\/escolademusicalloret.com\/es\/wp-json\/wp\/v2\/comments?post=2567"}],"version-history":[{"count":43,"href":"https:\/\/escolademusicalloret.com\/es\/wp-json\/wp\/v2\/pages\/2567\/revisions"}],"predecessor-version":[{"id":3176,"href":"https:\/\/escolademusicalloret.com\/es\/wp-json\/wp\/v2\/pages\/2567\/revisions\/3176"}],"wp:featuredmedia":[{"embeddable":true,"href":"https:\/\/escolademusicalloret.com\/es\/wp-json\/wp\/v2\/media\/2595"}],"wp:attachment":[{"href":"https:\/\/escolademusicalloret.com\/es\/wp-json\/wp\/v2\/media?parent=2567"}],"curies":[{"name":"wp","href":"https:\/\/api.w.org\/{rel}","templated":true}]}}