{"id":2527,"date":"2025-07-12T21:48:02","date_gmt":"2025-07-12T21:48:02","guid":{"rendered":"https:\/\/escolademusicalloret.com\/?page_id=2527"},"modified":"2025-07-31T11:54:01","modified_gmt":"2025-07-31T11:54:01","slug":"25-26","status":"publish","type":"page","link":"https:\/\/escolademusicalloret.com\/es\/25-26\/","title":{"rendered":"Curso 2025-2026"},"content":{"rendered":"<div  class='flex_column av-5ell0v-4a04993de1bfb0c56e8e9c86b9e565a4 av_one_full  avia-builder-el-0  el_before_av_heading  avia-builder-el-first  first flex_column_div'     ><\/div>\n\n<style type=\"text\/css\" data-created_by=\"avia_inline_auto\" id=\"style-css-av-md0rok2v-b2f57b70ce3e182b94242b3082e03604\">\n#top .av-special-heading.av-md0rok2v-b2f57b70ce3e182b94242b3082e03604{\npadding-bottom:10px;\n}\nbody .av-special-heading.av-md0rok2v-b2f57b70ce3e182b94242b3082e03604 .av-special-heading-tag .heading-char{\nfont-size:25px;\n}\n.av-special-heading.av-md0rok2v-b2f57b70ce3e182b94242b3082e03604 .av-subheading{\nfont-size:15px;\n}\n<\/style>\n<div  class='av-special-heading av-md0rok2v-b2f57b70ce3e182b94242b3082e03604 av-special-heading-h1 blockquote modern-quote modern-centered  avia-builder-el-1  el_after_av_one_full  el_before_av_one_full'><h1 class='av-special-heading-tag'  itemprop=\"headline\"  >Benvinguda<\/h1><div class=\"special-heading-border\"><div class=\"special-heading-inner-border\"><\/div><\/div><\/div>\n<div  class='flex_column av-4hn0z3-4ab1490cd099cd6d19c5f2c29defd395 av_one_full  avia-builder-el-2  el_after_av_heading  el_before_av_one_full  first flex_column_div'     ><\/div>\n<div  class='flex_column av-2i2q27-8860ec4abf2a8b374d0174a1be80d804 av_one_full  avia-builder-el-3  el_after_av_one_full  el_before_av_textblock  first flex_column_div  column-top-margin'     ><\/div>\n\n<style type=\"text\/css\" data-created_by=\"avia_inline_auto\" id=\"style-css-av-md0rz9ia-c9c5cf4a64f2b4262b52478c47357ad5\">\n#top .av_textblock_section.av-md0rz9ia-c9c5cf4a64f2b4262b52478c47357ad5 .avia_textblock{\nfont-size:21px;\n}\n<\/style>\n<section  class='av_textblock_section av-md0rz9ia-c9c5cf4a64f2b4262b52478c47357ad5'   itemscope=\"itemscope\" itemtype=\"https:\/\/schema.org\/CreativeWork\" ><div class='avia_textblock'  itemprop=\"text\" ><p>La<strong>Escola de M\u00fasica de Lloret<\/strong> ofrece una formaci\u00f3n continua desde los 0 a\u00f1os. Nuestra filosof\u00eda es acercarse a la m\u00fasica seg\u00fan las necesidades y ritmo de cada alumno. Nuestro objetivo que la pasi\u00f3n por la m\u00fasica le lleve a los resultados, puesto que no hay nada m\u00e1s divertido que hacer las cosas bien. Este es nuestro prop\u00f3sito. <strong>La m\u00fasica al alcance de todo el mundo<\/strong> que quieran disfrutarla.<\/p>\n<p>C\u00f3mo dej\u00f3 dicho el gran pedagogo Gianni Rodari, <em>no ense\u00f1amos para crear artistas sino porque sean personas libres<\/em>. Independientemente de que sean o no m\u00fasicos, nos conformamos que sean <strong>excelentes consumidores de cultura<\/strong>. Con rigor, con acercamiento y con la cura que cada alumno necesita, tendr\u00e1 a su alcance toda la ayuda para disfrutar tocando un instrumento, cantante y, sobre todo, <strong>apreciando la belleza de la m\u00fasica<\/strong>.<\/p>\n<p>Bienvenidas y bienvenidos en la Escola de M\u00fasica de Lloret.<\/p>\n<p>Muchas gracias para venir.<\/p>\n<p>Joan Ballesteros<br \/>\nDirector<\/p>\n<\/div><\/section>\n<div  class='flex_column av-2pkzzz-ddeb46af611304a4ffe136f1d74b285c av_one_full  avia-builder-el-5  el_after_av_textblock  el_before_av_heading  first flex_column_div  column-top-margin'     ><\/div>\n\n<style type=\"text\/css\" data-created_by=\"avia_inline_auto\" id=\"style-css-av-md0s1xhi-39ed61986618dcb99fc0cd8503c56516\">\n#top .av-special-heading.av-md0s1xhi-39ed61986618dcb99fc0cd8503c56516{\npadding-bottom:10px;\n}\nbody .av-special-heading.av-md0s1xhi-39ed61986618dcb99fc0cd8503c56516 .av-special-heading-tag .heading-char{\nfont-size:25px;\n}\n.av-special-heading.av-md0s1xhi-39ed61986618dcb99fc0cd8503c56516 .av-subheading{\nfont-size:15px;\n}\n<\/style>\n<div  class='av-special-heading av-md0s1xhi-39ed61986618dcb99fc0cd8503c56516 av-special-heading-h1 blockquote modern-quote modern-centered  avia-builder-el-6  el_after_av_one_full  el_before_av_one_full'><h1 class='av-special-heading-tag'  itemprop=\"headline\"  >Organizaci\u00f3n de las clases<\/h1><div class=\"special-heading-border\"><div class=\"special-heading-inner-border\"><\/div><\/div><\/div>\n<div  class='flex_column av-3hdxy7-9f775f27414e2b00f0f6a7bad459c1c0 av_one_full  avia-builder-el-7  el_after_av_heading  el_before_av_one_half  first flex_column_div'     ><\/div>\n<div  class='flex_column av-5fcdj3-78b37f90a6ed787ccfcaa41c883affbc av_one_half  avia-builder-el-8  el_after_av_one_full  el_before_av_one_half  first flex_column_div  column-top-margin'     ><div  class='avia-button-wrap av-md0s86sl-20f3b354a9e41a73dd4e8108b8952299-wrap avia-button-center  avia-builder-el-9  avia-builder-el-no-sibling'><a href='https:\/\/escolademusicalloret.com\/es\/musica-per-a-nadons\/'  class='avia-button av-md0s86sl-20f3b354a9e41a73dd4e8108b8952299 av-link-btn avia-icon_select-no avia-size-x-large avia-position-center avia-color-theme-color'   aria-label=\"m\u00fasica per a nadons | de 0 a 3 anys\"><span class='avia_iconbox_title' >m\u00fasica per a nadons | de 0 a 3 anys<\/span><\/a><\/div><\/div><div  class='flex_column av-4va2fz-8abe32ed6774f341ce00121b144d936c av_one_half  avia-builder-el-10  el_after_av_one_half  el_before_av_one_full  flex_column_div  column-top-margin'     ><div  class='avia-button-wrap av-md0s8l0i-3e48567495f735a8466c402b1ede6cc8-wrap avia-button-center  avia-builder-el-11  avia-builder-el-no-sibling'><a href='https:\/\/escolademusicalloret.com\/es\/musica-per-tothom\/'  class='avia-button av-md0s8l0i-3e48567495f735a8466c402b1ede6cc8 av-link-btn avia-icon_select-no avia-size-x-large avia-position-center avia-color-theme-color'   aria-label=\"m\u00fasica per a tothom | de 3 a 99 anys\"><span class='avia_iconbox_title' >m\u00fasica per a tothom | de 3 a 99 anys<\/span><\/a><\/div><\/div><\/p>\n<div  class='flex_column av-2gba3z-aae2d53408872e40d8c50b76dec458b2 av_one_full  avia-builder-el-12  el_after_av_one_half  el_before_av_one_full  first flex_column_div  column-top-margin'     ><\/div>\n<div  class='flex_column av-350zfj-f63db4a490af2604f4123fcb7de75caf av_one_full  avia-builder-el-13  el_after_av_one_full  avia-builder-el-last  first flex_column_div  column-top-margin'     ><\/div>","protected":false},"excerpt":{"rendered":"","protected":false},"author":2,"featured_media":2547,"parent":0,"menu_order":0,"comment_status":"closed","ping_status":"closed","template":"","meta":{"footnotes":""},"class_list":["post-2527","page","type-page","status-publish","has-post-thumbnail","hentry"],"yoast_head":"<!-- This site is optimized with the Yoast SEO plugin v25.2 - https:\/\/yoast.com\/wordpress\/plugins\/seo\/ -->\n<title>Curs 2025-2026 &#062; Escola de Musica Lloret<\/title>\n<meta name=\"robots\" content=\"index, follow, max-snippet:-1, max-image-preview:large, max-video-preview:-1\" \/>\n<link rel=\"canonical\" href=\"https:\/\/escolademusicalloret.com\/es\/25-26\/\" \/>\n<meta property=\"og:locale\" content=\"es_ES\" \/>\n<meta property=\"og:type\" content=\"article\" \/>\n<meta property=\"og:title\" content=\"Curs 2025-2026 &#062; Escola de Musica Lloret\" \/>\n<meta property=\"og:url\" content=\"https:\/\/escolademusicalloret.com\/es\/25-26\/\" \/>\n<meta property=\"og:site_name\" content=\"Escola de Musica Lloret\" \/>\n<meta property=\"article:modified_time\" content=\"2025-07-31T11:54:01+00:00\" \/>\n<meta property=\"og:image\" content=\"https:\/\/escolademusicalloret.com\/wp-content\/uploads\/2025\/07\/escolademusicalloret-fav.jpg\" \/>\n\t<meta property=\"og:image:width\" content=\"512\" \/>\n\t<meta property=\"og:image:height\" content=\"512\" \/>\n\t<meta property=\"og:image:type\" content=\"image\/jpeg\" \/>\n<meta name=\"twitter:card\" content=\"summary_large_image\" \/>\n<meta name=\"twitter:label1\" content=\"Tiempo de lectura\" \/>\n\t<meta name=\"twitter:data1\" content=\"1 minuto\" \/>\n<script type=\"application\/ld+json\" class=\"yoast-schema-graph\">{\"@context\":\"https:\/\/schema.org\",\"@graph\":[{\"@type\":\"WebPage\",\"@id\":\"https:\/\/escolademusicalloret.com\/25-26\/\",\"url\":\"https:\/\/escolademusicalloret.com\/25-26\/\",\"name\":\"Curs 2025-2026 &#062; Escola de Musica Lloret\",\"isPartOf\":{\"@id\":\"https:\/\/escolademusicalloret.com\/#website\"},\"primaryImageOfPage\":{\"@id\":\"https:\/\/escolademusicalloret.com\/25-26\/#primaryimage\"},\"image\":{\"@id\":\"https:\/\/escolademusicalloret.com\/25-26\/#primaryimage\"},\"thumbnailUrl\":\"https:\/\/escolademusicalloret.com\/wp-content\/uploads\/2025\/07\/IMG_7112-scaled.jpg\",\"datePublished\":\"2025-07-12T21:48:02+00:00\",\"dateModified\":\"2025-07-31T11:54:01+00:00\",\"breadcrumb\":{\"@id\":\"https:\/\/escolademusicalloret.com\/25-26\/#breadcrumb\"},\"inLanguage\":\"es\",\"potentialAction\":[{\"@type\":\"ReadAction\",\"target\":[\"https:\/\/escolademusicalloret.com\/25-26\/\"]}]},{\"@type\":\"ImageObject\",\"inLanguage\":\"es\",\"@id\":\"https:\/\/escolademusicalloret.com\/25-26\/#primaryimage\",\"url\":\"https:\/\/escolademusicalloret.com\/wp-content\/uploads\/2025\/07\/IMG_7112-scaled.jpg\",\"contentUrl\":\"https:\/\/escolademusicalloret.com\/wp-content\/uploads\/2025\/07\/IMG_7112-scaled.jpg\",\"width\":1920,\"height\":2560},{\"@type\":\"BreadcrumbList\",\"@id\":\"https:\/\/escolademusicalloret.com\/25-26\/#breadcrumb\",\"itemListElement\":[{\"@type\":\"ListItem\",\"position\":1,\"name\":\"Portada\",\"item\":\"https:\/\/escolademusicalloret.com\/\"},{\"@type\":\"ListItem\",\"position\":2,\"name\":\"Curs 2025-2026\"}]},{\"@type\":\"WebSite\",\"@id\":\"https:\/\/escolademusicalloret.com\/#website\",\"url\":\"https:\/\/escolademusicalloret.com\/\",\"name\":\"Escola de Musica Lloret\",\"description\":\"Escola M\u00fasica\",\"publisher\":{\"@id\":\"https:\/\/escolademusicalloret.com\/#\/schema\/person\/376c9c4bab832235e877438a59f9a3da\"},\"potentialAction\":[{\"@type\":\"SearchAction\",\"target\":{\"@type\":\"EntryPoint\",\"urlTemplate\":\"https:\/\/escolademusicalloret.com\/?s={search_term_string}\"},\"query-input\":{\"@type\":\"PropertyValueSpecification\",\"valueRequired\":true,\"valueName\":\"search_term_string\"}}],\"inLanguage\":\"es\"},{\"@type\":[\"Person\",\"Organization\"],\"@id\":\"https:\/\/escolademusicalloret.com\/#\/schema\/person\/376c9c4bab832235e877438a59f9a3da\",\"name\":\"Escola M\u00fasica Lloret\",\"image\":{\"@type\":\"ImageObject\",\"inLanguage\":\"es\",\"@id\":\"https:\/\/escolademusicalloret.com\/#\/schema\/person\/image\/\",\"url\":\"https:\/\/escolademusicalloret.com\/wp-content\/uploads\/2025\/07\/escolademusicalloret-fav.jpg\",\"contentUrl\":\"https:\/\/escolademusicalloret.com\/wp-content\/uploads\/2025\/07\/escolademusicalloret-fav.jpg\",\"width\":512,\"height\":512,\"caption\":\"Escola M\u00fasica Lloret\"},\"logo\":{\"@id\":\"https:\/\/escolademusicalloret.com\/#\/schema\/person\/image\/\"}}]}<\/script>\n<!-- \/ Yoast SEO plugin. -->","yoast_head_json":{"title":"Curs 2025-2026 &#062; Escola de Musica Lloret","robots":{"index":"index","follow":"follow","max-snippet":"max-snippet:-1","max-image-preview":"max-image-preview:large","max-video-preview":"max-video-preview:-1"},"canonical":"https:\/\/escolademusicalloret.com\/es\/25-26\/","og_locale":"es_ES","og_type":"article","og_title":"Curs 2025-2026 &#062; Escola de Musica Lloret","og_url":"https:\/\/escolademusicalloret.com\/es\/25-26\/","og_site_name":"Escola de Musica Lloret","article_modified_time":"2025-07-31T11:54:01+00:00","og_image":[{"width":512,"height":512,"url":"https:\/\/escolademusicalloret.com\/wp-content\/uploads\/2025\/07\/escolademusicalloret-fav.jpg","type":"image\/jpeg"}],"twitter_card":"summary_large_image","twitter_misc":{"Tiempo de lectura":"1 minuto"},"schema":{"@context":"https:\/\/schema.org","@graph":[{"@type":"WebPage","@id":"https:\/\/escolademusicalloret.com\/25-26\/","url":"https:\/\/escolademusicalloret.com\/25-26\/","name":"Curs 2025-2026 &#062; Escola de Musica Lloret","isPartOf":{"@id":"https:\/\/escolademusicalloret.com\/#website"},"primaryImageOfPage":{"@id":"https:\/\/escolademusicalloret.com\/25-26\/#primaryimage"},"image":{"@id":"https:\/\/escolademusicalloret.com\/25-26\/#primaryimage"},"thumbnailUrl":"https:\/\/escolademusicalloret.com\/wp-content\/uploads\/2025\/07\/IMG_7112-scaled.jpg","datePublished":"2025-07-12T21:48:02+00:00","dateModified":"2025-07-31T11:54:01+00:00","breadcrumb":{"@id":"https:\/\/escolademusicalloret.com\/25-26\/#breadcrumb"},"inLanguage":"es","potentialAction":[{"@type":"ReadAction","target":["https:\/\/escolademusicalloret.com\/25-26\/"]}]},{"@type":"ImageObject","inLanguage":"es","@id":"https:\/\/escolademusicalloret.com\/25-26\/#primaryimage","url":"https:\/\/escolademusicalloret.com\/wp-content\/uploads\/2025\/07\/IMG_7112-scaled.jpg","contentUrl":"https:\/\/escolademusicalloret.com\/wp-content\/uploads\/2025\/07\/IMG_7112-scaled.jpg","width":1920,"height":2560},{"@type":"BreadcrumbList","@id":"https:\/\/escolademusicalloret.com\/25-26\/#breadcrumb","itemListElement":[{"@type":"ListItem","position":1,"name":"Portada","item":"https:\/\/escolademusicalloret.com\/"},{"@type":"ListItem","position":2,"name":"Curs 2025-2026"}]},{"@type":"WebSite","@id":"https:\/\/escolademusicalloret.com\/#website","url":"https:\/\/escolademusicalloret.com\/","name":"Escola de Musica Lloret","description":"Escola M\u00fasica","publisher":{"@id":"https:\/\/escolademusicalloret.com\/#\/schema\/person\/376c9c4bab832235e877438a59f9a3da"},"potentialAction":[{"@type":"SearchAction","target":{"@type":"EntryPoint","urlTemplate":"https:\/\/escolademusicalloret.com\/?s={search_term_string}"},"query-input":{"@type":"PropertyValueSpecification","valueRequired":true,"valueName":"search_term_string"}}],"inLanguage":"es"},{"@type":["Person","Organization"],"@id":"https:\/\/escolademusicalloret.com\/#\/schema\/person\/376c9c4bab832235e877438a59f9a3da","name":"Escola M\u00fasica Lloret","image":{"@type":"ImageObject","inLanguage":"es","@id":"https:\/\/escolademusicalloret.com\/#\/schema\/person\/image\/","url":"https:\/\/escolademusicalloret.com\/wp-content\/uploads\/2025\/07\/escolademusicalloret-fav.jpg","contentUrl":"https:\/\/escolademusicalloret.com\/wp-content\/uploads\/2025\/07\/escolademusicalloret-fav.jpg","width":512,"height":512,"caption":"Escola M\u00fasica Lloret"},"logo":{"@id":"https:\/\/escolademusicalloret.com\/#\/schema\/person\/image\/"}}]}},"_links":{"self":[{"href":"https:\/\/escolademusicalloret.com\/es\/wp-json\/wp\/v2\/pages\/2527","targetHints":{"allow":["GET"]}}],"collection":[{"href":"https:\/\/escolademusicalloret.com\/es\/wp-json\/wp\/v2\/pages"}],"about":[{"href":"https:\/\/escolademusicalloret.com\/es\/wp-json\/wp\/v2\/types\/page"}],"author":[{"embeddable":true,"href":"https:\/\/escolademusicalloret.com\/es\/wp-json\/wp\/v2\/users\/2"}],"replies":[{"embeddable":true,"href":"https:\/\/escolademusicalloret.com\/es\/wp-json\/wp\/v2\/comments?post=2527"}],"version-history":[{"count":19,"href":"https:\/\/escolademusicalloret.com\/es\/wp-json\/wp\/v2\/pages\/2527\/revisions"}],"predecessor-version":[{"id":3039,"href":"https:\/\/escolademusicalloret.com\/es\/wp-json\/wp\/v2\/pages\/2527\/revisions\/3039"}],"wp:featuredmedia":[{"embeddable":true,"href":"https:\/\/escolademusicalloret.com\/es\/wp-json\/wp\/v2\/media\/2547"}],"wp:attachment":[{"href":"https:\/\/escolademusicalloret.com\/es\/wp-json\/wp\/v2\/media?parent=2527"}],"curies":[{"name":"wp","href":"https:\/\/api.w.org\/{rel}","templated":true}]}}