{"id":1869,"date":"2025-04-07T09:35:21","date_gmt":"2025-04-07T09:35:21","guid":{"rendered":"https:\/\/escolademusicalloret.com\/?page_id=1869"},"modified":"2025-07-13T09:11:46","modified_gmt":"2025-07-13T09:11:46","slug":"proteccio-dades","status":"publish","type":"page","link":"https:\/\/escolademusicalloret.com\/es\/proteccio-dades\/","title":{"rendered":"Protecci\u00f3 de dades"},"content":{"rendered":"<div  class='flex_column av-8vmdu5-276bdf633f91b695886786e43a451514 av_one_full  avia-builder-el-0  el_before_av_heading  avia-builder-el-first  first flex_column_div'     ><\/div>\n\n<style type=\"text\/css\" data-created_by=\"avia_inline_auto\" id=\"style-css-av-m96vjict-c3090095720f72277356f7b389dabd83\">\n#top .av-special-heading.av-m96vjict-c3090095720f72277356f7b389dabd83{\npadding-bottom:10px;\n}\nbody .av-special-heading.av-m96vjict-c3090095720f72277356f7b389dabd83 .av-special-heading-tag .heading-char{\nfont-size:25px;\n}\n.av-special-heading.av-m96vjict-c3090095720f72277356f7b389dabd83 .av-subheading{\nfont-size:15px;\n}\n<\/style>\n<div  class='av-special-heading av-m96vjict-c3090095720f72277356f7b389dabd83 av-special-heading-h1 blockquote modern-quote modern-centered  avia-builder-el-1  el_after_av_one_full  el_before_av_one_full'><h1 class='av-special-heading-tag'  itemprop=\"headline\"  >Informaci\u00f3 b\u00e0sica de protecci\u00f3 de dades<\/h1><div class='av-subheading av-subheading_below'><p>Escola de M\u00fasica Lloret<\/p>\n<\/div><div class=\"special-heading-border\"><div class=\"special-heading-inner-border\"><\/div><\/div><\/div>\n<div  class='flex_column av-7066pp-ce29aebecffddb451924ed987f53b4a5 av_one_full  avia-builder-el-2  el_after_av_heading  el_before_av_one_full  first flex_column_div'     ><\/div>\n<div  class='flex_column av-av_one_full-a961ec8c42a44a397321d1a2224da3ca av_one_full  avia-builder-el-3  el_after_av_one_full  el_before_av_textblock  first flex_column_div  column-top-margin'     ><\/div>\n<section  class='av_textblock_section av-m96vkybm-336ed424d9234774ec113456a92f98b9'   itemscope=\"itemscope\" itemtype=\"https:\/\/schema.org\/CreativeWork\" ><div class='avia_textblock'  itemprop=\"text\" ><p><strong>INFORMACI\u00d3 B\u00c0SICA DE PROTECCI\u00d3 DE DADES<\/strong><\/p>\n<p>De conformitat amb el Reglament General de Protecci\u00f3 de Dades (RGPD), aquesta Administraci\u00f3 l&#8217;informa que les dades de car\u00e0cter personal que s&#8217;obtinguin de la seva sol\u00b7licitud seran incorporats ai tractats de manera segura i confidencial en els corresponents fitxers. La recollida i tractament d&#8217;aquestes dades t\u00e9 com a fi l&#8217;exercici per part d&#8217;aquesta Administraci\u00f3 la de domiciliar els rebuts del ciutad\u00e0. T\u00e9 dret a accedir, rectificar i suprimir les dades, aix\u00ed com altres drets, com s&#8217;explica en la informaci\u00f3 addicional, dirigint una comunicaci\u00f3 escrita a La voix de l&#8217;\u00e2me G16619454, web info@escolademusicalloret.com, cam\u00ed de Can Mosson, 318-Pol. 16 Santa Eul\u00e0ria des Riu, 07840 Eivissa (Illes Balears).<\/p>\n<p><strong>Qui \u00e9s el Responsable del tractament de les seves dades?<\/strong><\/p>\n<p>Identitat: assocaici\u00f3 cultural La voix de l&#8217;\u00e2me G16619454,<br \/>\nweb info@escolademusicalloret.com, cam\u00ed de Can Mosson, 318-Pol. 16 Santa Eul\u00e0ria des Riu, 07840 Eivissa (Illes Balears).<br \/>\nTel\u00e8fon: 645209213<br \/>\nEmail: info@escolademusicalloret.com<\/p>\n<p><strong>Amb quina finalitat tractem les seves dades personals?<\/strong><\/p>\n<p>L&#8217;assocaici\u00f3 cultural La voix de l&#8217;\u00e2me G16619454 tractar\u00e0 la informaci\u00f3 que faciliten les persones interessades a fi de domiciliar els rebuts.<\/p>\n<p><strong>Per quant temps conservarem les seves dades?<\/strong><\/p>\n<p>Les dades personals proporcionades es conservaran fins finalitzar el proc\u00e9s, gesti\u00f3 i confirmaci\u00f3 de la matr\u00edcula.<\/p>\n<p><strong>Quina \u00e9s la legitimaci\u00f3 per al tractament de les seves dades?<\/strong><\/p>\n<p>Article 33, 38 i seg\u00fcents i article 68 del Reial decret 939\/2005, de 29 de juliol, pel qual s&#8217;aprova el Reglament General de Recaptaci\u00f3.<\/p>\n<p><strong>A quins destinataris es comunicaran les seves dades?<\/strong><\/p>\n<p>Les dades no es comunicaran a tercers sense l&#8217;autoritzaci\u00f3 de l&#8217;interessat o interessada.<\/p>\n<p><strong>Quins s\u00f3n els seus drets quan ens facilita les seves dades?<\/strong><\/p>\n<p>Qualsevol persona t\u00e9 dret a obtenir confirmaci\u00f3 sobre si La voix de l&#8217;\u00e2me est\u00e0 tractant dades personals que els concerneixin, o no. Les persones interessades tenen dret a accedir a les seves dades personals, aix\u00ed com a sol\u00b7licitar la rectificaci\u00f3 de les dades inexactes o, si \u00e9s el cas, sol\u00b7licitar la seva supressi\u00f3 quan, entre altres motius, les dades ja no siguin necessaris per als fins que van ser recollits. En determinades circumst\u00e0ncies, els interessats i interessades podran sol\u00b7licitar la limitaci\u00f3 del tractament de les seves dades, i en aquest cas \u00fanicament es conserven per a l&#8217;exercici o la defensa de reclamacions.En determinades circumst\u00e0ncies i per motius relacionats amb la seva situaci\u00f3 particular podran oposar-se al tractament de les seves dades. La voix de l&#8217;\u00e2me deixar\u00e0 de tractar les dades, excepte per motius leg\u00edtims imperiosos, o l&#8217;exercici o la defensa de possibles reclamacions.<\/p>\n<\/div><\/section>\n<div  class='flex_column av-6km4od-cd440af2172589e3d8f9b860b320ad44 av_one_full  avia-builder-el-5  el_after_av_textblock  el_before_av_button  first flex_column_div  column-top-margin'     ><\/div>\n<div  class='avia-button-wrap av-m96vlhyv-eb0dc380eefa3154de6e678c172c7bb4-wrap avia-button-center  avia-builder-el-6  el_after_av_one_full  el_before_av_one_full'><a href='https:\/\/escolademusicalloret.com\/es\/matricula\/'  class='avia-button av-m96vlhyv-eb0dc380eefa3154de6e678c172c7bb4 av-link-btn avia-icon_select-no avia-size-small avia-position-center avia-color-theme-color'   aria-label=\"volver\"><span class='avia_iconbox_title' >volver<\/span><\/a><\/div>\n<div  class='flex_column av-3i12rx-6c4a9637c30977649fdc70feb4b59503 av_one_full  avia-builder-el-7  el_after_av_button  el_before_av_one_full  first flex_column_div'     ><\/div>\n<div  class='flex_column av-2kc5nh-370cf7123f2ac51ff37dcae8ab6a4f10 av_one_full  avia-builder-el-8  el_after_av_one_full  avia-builder-el-last  first flex_column_div  column-top-margin'     ><\/div>","protected":false},"excerpt":{"rendered":"","protected":false},"author":2,"featured_media":2712,"parent":0,"menu_order":0,"comment_status":"closed","ping_status":"closed","template":"","meta":{"footnotes":""},"class_list":["post-1869","page","type-page","status-publish","has-post-thumbnail","hentry"],"yoast_head":"<!-- This site is optimized with the Yoast SEO plugin v25.2 - https:\/\/yoast.com\/wordpress\/plugins\/seo\/ -->\n<title>Protecci\u00f3 de dades &#062; Escola de Musica Lloret<\/title>\n<meta name=\"robots\" content=\"index, follow, max-snippet:-1, max-image-preview:large, max-video-preview:-1\" \/>\n<link rel=\"canonical\" href=\"https:\/\/escolademusicalloret.com\/es\/proteccio-dades\/\" \/>\n<meta property=\"og:locale\" content=\"es_ES\" \/>\n<meta property=\"og:type\" content=\"article\" \/>\n<meta property=\"og:title\" content=\"Protecci\u00f3 de dades &#062; Escola de Musica Lloret\" \/>\n<meta property=\"og:url\" content=\"https:\/\/escolademusicalloret.com\/es\/proteccio-dades\/\" \/>\n<meta property=\"og:site_name\" content=\"Escola de Musica Lloret\" \/>\n<meta property=\"article:modified_time\" content=\"2025-07-13T09:11:46+00:00\" \/>\n<meta property=\"og:image\" content=\"https:\/\/escolademusicalloret.com\/wp-content\/uploads\/2025\/07\/pexels-ferarcosn-211151-scaled.jpg\" \/>\n\t<meta property=\"og:image:width\" content=\"2560\" \/>\n\t<meta property=\"og:image:height\" content=\"1702\" \/>\n\t<meta property=\"og:image:type\" content=\"image\/jpeg\" \/>\n<meta name=\"twitter:card\" content=\"summary_large_image\" \/>\n<meta name=\"twitter:label1\" content=\"Tiempo de lectura\" \/>\n\t<meta name=\"twitter:data1\" content=\"3 minutos\" \/>\n<script type=\"application\/ld+json\" class=\"yoast-schema-graph\">{\"@context\":\"https:\/\/schema.org\",\"@graph\":[{\"@type\":\"WebPage\",\"@id\":\"https:\/\/escolademusicalloret.com\/proteccio-dades\/\",\"url\":\"https:\/\/escolademusicalloret.com\/proteccio-dades\/\",\"name\":\"Protecci\u00f3 de dades &#062; Escola de Musica Lloret\",\"isPartOf\":{\"@id\":\"https:\/\/escolademusicalloret.com\/#website\"},\"primaryImageOfPage\":{\"@id\":\"https:\/\/escolademusicalloret.com\/proteccio-dades\/#primaryimage\"},\"image\":{\"@id\":\"https:\/\/escolademusicalloret.com\/proteccio-dades\/#primaryimage\"},\"thumbnailUrl\":\"https:\/\/escolademusicalloret.com\/wp-content\/uploads\/2025\/07\/pexels-ferarcosn-211151-scaled.jpg\",\"datePublished\":\"2025-04-07T09:35:21+00:00\",\"dateModified\":\"2025-07-13T09:11:46+00:00\",\"breadcrumb\":{\"@id\":\"https:\/\/escolademusicalloret.com\/proteccio-dades\/#breadcrumb\"},\"inLanguage\":\"es\",\"potentialAction\":[{\"@type\":\"ReadAction\",\"target\":[\"https:\/\/escolademusicalloret.com\/proteccio-dades\/\"]}]},{\"@type\":\"ImageObject\",\"inLanguage\":\"es\",\"@id\":\"https:\/\/escolademusicalloret.com\/proteccio-dades\/#primaryimage\",\"url\":\"https:\/\/escolademusicalloret.com\/wp-content\/uploads\/2025\/07\/pexels-ferarcosn-211151-scaled.jpg\",\"contentUrl\":\"https:\/\/escolademusicalloret.com\/wp-content\/uploads\/2025\/07\/pexels-ferarcosn-211151-scaled.jpg\",\"width\":2560,\"height\":1702},{\"@type\":\"BreadcrumbList\",\"@id\":\"https:\/\/escolademusicalloret.com\/proteccio-dades\/#breadcrumb\",\"itemListElement\":[{\"@type\":\"ListItem\",\"position\":1,\"name\":\"Portada\",\"item\":\"https:\/\/escolademusicalloret.com\/\"},{\"@type\":\"ListItem\",\"position\":2,\"name\":\"Protecci\u00f3 de dades\"}]},{\"@type\":\"WebSite\",\"@id\":\"https:\/\/escolademusicalloret.com\/#website\",\"url\":\"https:\/\/escolademusicalloret.com\/\",\"name\":\"Escola de Musica Lloret\",\"description\":\"Escola M\u00fasica\",\"publisher\":{\"@id\":\"https:\/\/escolademusicalloret.com\/#\/schema\/person\/376c9c4bab832235e877438a59f9a3da\"},\"potentialAction\":[{\"@type\":\"SearchAction\",\"target\":{\"@type\":\"EntryPoint\",\"urlTemplate\":\"https:\/\/escolademusicalloret.com\/?s={search_term_string}\"},\"query-input\":{\"@type\":\"PropertyValueSpecification\",\"valueRequired\":true,\"valueName\":\"search_term_string\"}}],\"inLanguage\":\"es\"},{\"@type\":[\"Person\",\"Organization\"],\"@id\":\"https:\/\/escolademusicalloret.com\/#\/schema\/person\/376c9c4bab832235e877438a59f9a3da\",\"name\":\"Escola M\u00fasica Lloret\",\"image\":{\"@type\":\"ImageObject\",\"inLanguage\":\"es\",\"@id\":\"https:\/\/escolademusicalloret.com\/#\/schema\/person\/image\/\",\"url\":\"https:\/\/escolademusicalloret.com\/wp-content\/uploads\/2025\/07\/escolademusicalloret-fav.jpg\",\"contentUrl\":\"https:\/\/escolademusicalloret.com\/wp-content\/uploads\/2025\/07\/escolademusicalloret-fav.jpg\",\"width\":512,\"height\":512,\"caption\":\"Escola M\u00fasica Lloret\"},\"logo\":{\"@id\":\"https:\/\/escolademusicalloret.com\/#\/schema\/person\/image\/\"}}]}<\/script>\n<!-- \/ Yoast SEO plugin. -->","yoast_head_json":{"title":"Protecci\u00f3 de dades &#062; Escola de Musica Lloret","robots":{"index":"index","follow":"follow","max-snippet":"max-snippet:-1","max-image-preview":"max-image-preview:large","max-video-preview":"max-video-preview:-1"},"canonical":"https:\/\/escolademusicalloret.com\/es\/proteccio-dades\/","og_locale":"es_ES","og_type":"article","og_title":"Protecci\u00f3 de dades &#062; Escola de Musica Lloret","og_url":"https:\/\/escolademusicalloret.com\/es\/proteccio-dades\/","og_site_name":"Escola de Musica Lloret","article_modified_time":"2025-07-13T09:11:46+00:00","og_image":[{"width":2560,"height":1702,"url":"https:\/\/escolademusicalloret.com\/wp-content\/uploads\/2025\/07\/pexels-ferarcosn-211151-scaled.jpg","type":"image\/jpeg"}],"twitter_card":"summary_large_image","twitter_misc":{"Tiempo de lectura":"3 minutos"},"schema":{"@context":"https:\/\/schema.org","@graph":[{"@type":"WebPage","@id":"https:\/\/escolademusicalloret.com\/proteccio-dades\/","url":"https:\/\/escolademusicalloret.com\/proteccio-dades\/","name":"Protecci\u00f3 de dades &#062; Escola de Musica Lloret","isPartOf":{"@id":"https:\/\/escolademusicalloret.com\/#website"},"primaryImageOfPage":{"@id":"https:\/\/escolademusicalloret.com\/proteccio-dades\/#primaryimage"},"image":{"@id":"https:\/\/escolademusicalloret.com\/proteccio-dades\/#primaryimage"},"thumbnailUrl":"https:\/\/escolademusicalloret.com\/wp-content\/uploads\/2025\/07\/pexels-ferarcosn-211151-scaled.jpg","datePublished":"2025-04-07T09:35:21+00:00","dateModified":"2025-07-13T09:11:46+00:00","breadcrumb":{"@id":"https:\/\/escolademusicalloret.com\/proteccio-dades\/#breadcrumb"},"inLanguage":"es","potentialAction":[{"@type":"ReadAction","target":["https:\/\/escolademusicalloret.com\/proteccio-dades\/"]}]},{"@type":"ImageObject","inLanguage":"es","@id":"https:\/\/escolademusicalloret.com\/proteccio-dades\/#primaryimage","url":"https:\/\/escolademusicalloret.com\/wp-content\/uploads\/2025\/07\/pexels-ferarcosn-211151-scaled.jpg","contentUrl":"https:\/\/escolademusicalloret.com\/wp-content\/uploads\/2025\/07\/pexels-ferarcosn-211151-scaled.jpg","width":2560,"height":1702},{"@type":"BreadcrumbList","@id":"https:\/\/escolademusicalloret.com\/proteccio-dades\/#breadcrumb","itemListElement":[{"@type":"ListItem","position":1,"name":"Portada","item":"https:\/\/escolademusicalloret.com\/"},{"@type":"ListItem","position":2,"name":"Protecci\u00f3 de dades"}]},{"@type":"WebSite","@id":"https:\/\/escolademusicalloret.com\/#website","url":"https:\/\/escolademusicalloret.com\/","name":"Escola de Musica Lloret","description":"Escola M\u00fasica","publisher":{"@id":"https:\/\/escolademusicalloret.com\/#\/schema\/person\/376c9c4bab832235e877438a59f9a3da"},"potentialAction":[{"@type":"SearchAction","target":{"@type":"EntryPoint","urlTemplate":"https:\/\/escolademusicalloret.com\/?s={search_term_string}"},"query-input":{"@type":"PropertyValueSpecification","valueRequired":true,"valueName":"search_term_string"}}],"inLanguage":"es"},{"@type":["Person","Organization"],"@id":"https:\/\/escolademusicalloret.com\/#\/schema\/person\/376c9c4bab832235e877438a59f9a3da","name":"Escola M\u00fasica Lloret","image":{"@type":"ImageObject","inLanguage":"es","@id":"https:\/\/escolademusicalloret.com\/#\/schema\/person\/image\/","url":"https:\/\/escolademusicalloret.com\/wp-content\/uploads\/2025\/07\/escolademusicalloret-fav.jpg","contentUrl":"https:\/\/escolademusicalloret.com\/wp-content\/uploads\/2025\/07\/escolademusicalloret-fav.jpg","width":512,"height":512,"caption":"Escola M\u00fasica Lloret"},"logo":{"@id":"https:\/\/escolademusicalloret.com\/#\/schema\/person\/image\/"}}]}},"_links":{"self":[{"href":"https:\/\/escolademusicalloret.com\/es\/wp-json\/wp\/v2\/pages\/1869","targetHints":{"allow":["GET"]}}],"collection":[{"href":"https:\/\/escolademusicalloret.com\/es\/wp-json\/wp\/v2\/pages"}],"about":[{"href":"https:\/\/escolademusicalloret.com\/es\/wp-json\/wp\/v2\/types\/page"}],"author":[{"embeddable":true,"href":"https:\/\/escolademusicalloret.com\/es\/wp-json\/wp\/v2\/users\/2"}],"replies":[{"embeddable":true,"href":"https:\/\/escolademusicalloret.com\/es\/wp-json\/wp\/v2\/comments?post=1869"}],"version-history":[{"count":7,"href":"https:\/\/escolademusicalloret.com\/es\/wp-json\/wp\/v2\/pages\/1869\/revisions"}],"predecessor-version":[{"id":2711,"href":"https:\/\/escolademusicalloret.com\/es\/wp-json\/wp\/v2\/pages\/1869\/revisions\/2711"}],"wp:featuredmedia":[{"embeddable":true,"href":"https:\/\/escolademusicalloret.com\/es\/wp-json\/wp\/v2\/media\/2712"}],"wp:attachment":[{"href":"https:\/\/escolademusicalloret.com\/es\/wp-json\/wp\/v2\/media?parent=1869"}],"curies":[{"name":"wp","href":"https:\/\/api.w.org\/{rel}","templated":true}]}}